{"id":3663,"date":"2021-02-15T20:40:50","date_gmt":"2021-02-15T20:40:50","guid":{"rendered":"https:\/\/sjobuer.guolli.com\/?post_type=product&#038;p=3663"},"modified":"2024-02-25T00:58:17","modified_gmt":"2024-02-25T00:58:17","slug":"badstue","status":"publish","type":"product","link":"https:\/\/gjestestua.no\/en\/product\/badstue\/","title":{"rendered":"Badstue"},"content":{"rendered":"<p><b>Vi \u00f8nsker at alle skal ha en flott og trygg spa opplevelse hos S\u00f8r\u00f8ya Gjestestue<\/b><\/p>\n<ul>\n<li style=\"font-weight: 400;\"><span style=\"font-weight: 400;\">Vis respekt for andre gjester.\u00a0<\/span><\/li>\n<li style=\"font-weight: 400;\"><span style=\"font-weight: 400;\">Sj\u00f8en -Bad ikke alene. Ha alltid med en person som kan st\u00e5 p\u00e5 brygga mens du bader.\u00a0<\/span><\/li>\n<li style=\"font-weight: 400;\"><span style=\"font-weight: 400;\">Personer som er synlig beruset kan bli nektet adgang.\u00a0<\/span><\/li>\n<li style=\"font-weight: 400;\"><span style=\"font-weight: 400;\">F\u00f8ler du deg ukomfortabel, svimmel eller s\u00f8vnig &#8211; forlat badstuen straks.\u00a0<\/span><\/li>\n<li style=\"font-weight: 400;\"><span style=\"font-weight: 400;\">Vi oppfordrer alle til \u00e5 f\u00f8lge generelle smittevernregler og anbefalinger fra myndighetene\u00a0<\/span><\/li>\n<li style=\"font-weight: 400;\"><span style=\"font-weight: 400;\">Ved symptomer p\u00e5 covid-19 skal du holde deg hjemme\u00a0<\/span><\/li>\n<li style=\"font-weight: 400;\"><span style=\"font-weight: 400;\">Kos dokker <\/span><span style=\"font-weight: 400;\">?<\/span><\/li>\n<\/ul>\n<p><b>Informasjon<\/b><\/p>\n<p><b>H\u00e5n<\/b><b>d<\/b><b>kle<\/b><b>\u00a0<\/b><\/p>\n<p><span style=\"font-weight: 400;\">Ta med eget, rent h\u00e5ndkle.<\/span><\/p>\n<p><b>Badet\u00f8y og sko<\/b><b>\u00a0<\/b><\/p>\n<p><span style=\"font-weight: 400;\">Badet\u00f8y er p\u00e5budt i badstuen. Vi anbefaler \u00e5 ta med egne flip-flops da gulvet kan v\u00e6re v\u00e5tt\/glatt.<\/span><\/p>\n<p><b>Alkohol<\/b><b>\u00a0<\/b><\/p>\n<p><span style=\"font-weight: 400;\">Det er tillatt i moderate mengder inne i selve badstuen. Synlig berusede personer kan bortvises. NB: All bading og bruk av badstue er p\u00e5 eget ansvar. Vi anbefaler ikke alkohol kombinert med verken badstue eller bading.<\/span><\/p>","protected":false},"excerpt":{"rendered":"<p>For our guests, we offer free access to the sauna. The opening hours are 06.00-23.00. Max eight people, minimum 2 hours. Wood sacks can be bought for NOK. 80<\/p>","protected":false},"featured_media":4393,"comment_status":"open","ping_status":"closed","template":"","meta":[],"product_brand":[],"product_cat":[143],"product_tag":[],"class_list":{"0":"post-3663","1":"product","2":"type-product","3":"status-publish","4":"has-post-thumbnail","6":"product_cat-badstu","7":"yith_booking_service-fyringsved-badstue","8":"sales-flash-overlay","9":"woocommerce-text-align-left","10":"woocommerce-image-align-center","11":"do-quantity-buttons","12":"wc-has-gallery","14":"first","15":"instock","16":"virtual","17":"sold-individually","18":"taxable","19":"purchasable","20":"product-type-booking"},"_links":{"self":[{"href":"https:\/\/gjestestua.no\/en\/wp-json\/wp\/v2\/product\/3663","targetHints":{"allow":["GET"]}}],"collection":[{"href":"https:\/\/gjestestua.no\/en\/wp-json\/wp\/v2\/product"}],"about":[{"href":"https:\/\/gjestestua.no\/en\/wp-json\/wp\/v2\/types\/product"}],"replies":[{"embeddable":true,"href":"https:\/\/gjestestua.no\/en\/wp-json\/wp\/v2\/comments?post=3663"}],"version-history":[{"count":6,"href":"https:\/\/gjestestua.no\/en\/wp-json\/wp\/v2\/product\/3663\/revisions"}],"predecessor-version":[{"id":4852,"href":"https:\/\/gjestestua.no\/en\/wp-json\/wp\/v2\/product\/3663\/revisions\/4852"}],"wp:featuredmedia":[{"embeddable":true,"href":"https:\/\/gjestestua.no\/en\/wp-json\/wp\/v2\/media\/4393"}],"wp:attachment":[{"href":"https:\/\/gjestestua.no\/en\/wp-json\/wp\/v2\/media?parent=3663"}],"wp:term":[{"taxonomy":"product_brand","embeddable":true,"href":"https:\/\/gjestestua.no\/en\/wp-json\/wp\/v2\/product_brand?post=3663"},{"taxonomy":"product_cat","embeddable":true,"href":"https:\/\/gjestestua.no\/en\/wp-json\/wp\/v2\/product_cat?post=3663"},{"taxonomy":"product_tag","embeddable":true,"href":"https:\/\/gjestestua.no\/en\/wp-json\/wp\/v2\/product_tag?post=3663"}],"curies":[{"name":"wp","href":"https:\/\/api.w.org\/{rel}","templated":true}]}}