{"id":4550,"date":"2021-06-29T14:26:53","date_gmt":"2021-06-29T14:26:53","guid":{"rendered":"https:\/\/gjestestua.frifugl.com\/?page_id=4550"},"modified":"2022-04-08T16:39:11","modified_gmt":"2022-04-08T16:39:11","slug":"kontakt-oss","status":"publish","type":"page","link":"https:\/\/gjestestua.no\/en\/kontakt-oss\/","title":{"rendered":"Contact us"},"content":{"rendered":"<div data-elementor-type=\"wp-page\" data-elementor-id=\"4550\" class=\"elementor elementor-4550\" data-elementor-post-type=\"page\">\n\t\t\t\t\t\t<section class=\"elementor-section elementor-top-section elementor-element elementor-element-bf8ab21 elementor-section-boxed elementor-section-height-default elementor-section-height-default\" data-id=\"bf8ab21\" data-element_type=\"section\" data-e-type=\"section\">\n\t\t\t\t\t\t<div class=\"elementor-container elementor-column-gap-default\">\n\t\t\t\t\t<div class=\"elementor-column elementor-col-66 elementor-top-column elementor-element elementor-element-8bce315\" data-id=\"8bce315\" data-element_type=\"column\" data-e-type=\"column\">\n\t\t\t<div class=\"elementor-widget-wrap elementor-element-populated\">\n\t\t\t\t\t\t<div class=\"elementor-element elementor-element-a546074 elementor-widget elementor-widget-wp-widget-frm_show_form\" data-id=\"a546074\" data-element_type=\"widget\" data-e-type=\"widget\" data-widget_type=\"wp-widget-frm_show_form.default\">\n\t\t\t\t<div class=\"elementor-widget-container\">\n\t\t\t\t\t<div class=\"frm_form_widget\"><div class=\"frm_forms  with_frm_style frm_style_formidable-style\" id=\"frm_form_1_container\" >\n<form enctype=\"multipart\/form-data\" method=\"post\" class=\"frm-show-form  frm_pro_form\" id=\"form_contact-form\" action=\"\" >\n<div class=\"frm_form_fields\">\n<fieldset>\n<legend class=\"frm_screen_reader\">Contact us<\/legend>\r\n\r\n<div class=\"frm_fields_container\">\n<input type=\"hidden\" name=\"frm_action\" value=\"create\" \/>\n<input type=\"hidden\" name=\"form_id\" value=\"1\" \/>\n<input type=\"hidden\" name=\"frm_hide_fields_1\" id=\"frm_hide_fields_1\" value=\"\" \/>\n<input type=\"hidden\" name=\"form_key\" value=\"contact-form\" \/>\n<input type=\"hidden\" name=\"item_meta[0]\" value=\"\" \/>\n<input type=\"hidden\" id=\"frm_submit_entry_1\" name=\"frm_submit_entry_1\" value=\"6dadd38aae\" \/><input type=\"hidden\" name=\"_wp_http_referer\" value=\"\/en\/wp-json\/wp\/v2\/pages\/4550\" \/><div id=\"frm_field_1_container\" class=\"frm_form_field form-field  frm_required_field frm_top_container frm_first frm_half\">\r\n    <label for=\"field_qh4icy\" id=\"field_qh4icy_label\" class=\"frm_primary_label\">Name\r\n        <span class=\"frm_required\">*<\/span>\r\n    <\/label>\r\n    <input  type=\"text\" id=\"field_qh4icy\" name=\"item_meta[1]\" value=\"\"  data-reqmsg=\"Navn cannot be blank.\" aria-required=\"true\" data-invmsg=\"Name is invalid\" aria-invalid=\"false\"   aria-describedby=\"frm_desc_field_qh4icy\" \/>\r\n    <div class=\"frm_description\" id=\"frm_desc_field_qh4icy\">First name<\/div>\r\n    \r\n<\/div>\n<div id=\"frm_field_2_container\" class=\"frm_form_field form-field  frm_required_field frm_hidden_container frm_half\">\r\n    <label for=\"field_ocfup1\" id=\"field_ocfup1_label\" class=\"frm_primary_label\">Last name\r\n        <span class=\"frm_required\">*<\/span>\r\n    <\/label>\r\n    <input  type=\"text\" id=\"field_ocfup1\" name=\"item_meta[2]\" value=\"\"  data-reqmsg=\"Etternavn cannot be blank.\" aria-required=\"true\" data-invmsg=\"Last is invalid\" aria-invalid=\"false\"   aria-describedby=\"frm_desc_field_ocfup1\" \/>\r\n    <div class=\"frm_description\" id=\"frm_desc_field_ocfup1\">Last name<\/div>\r\n    \r\n<\/div>\n<div id=\"frm_field_3_container\" class=\"frm_form_field form-field  frm_required_field frm_top_container frm_full\">\r\n    <label for=\"field_29yf4d\" id=\"field_29yf4d_label\" class=\"frm_primary_label\">Email\r\n        <span class=\"frm_required\">*<\/span>\r\n    <\/label>\r\n    <input type=\"email\" id=\"field_29yf4d\" name=\"item_meta[3]\" value=\"\"  data-reqmsg=\"Epost cannot be blank.\" aria-required=\"true\" data-invmsg=\"Please enter a valid email address\" aria-invalid=\"false\"  \/>\r\n    \r\n    \r\n<\/div>\n<div id=\"frm_field_4_container\" class=\"frm_form_field form-field  frm_required_field frm_top_container frm_full\">\r\n    <label for=\"field_e6lis6\" id=\"field_e6lis6_label\" class=\"frm_primary_label\">Subject\r\n        <span class=\"frm_required\">*<\/span>\r\n    <\/label>\r\n    <input  type=\"text\" id=\"field_e6lis6\" name=\"item_meta[4]\" value=\"\"  data-reqmsg=\"Emne cannot be blank.\" aria-required=\"true\" data-invmsg=\"Subject is invalid\" aria-invalid=\"false\"   \/>\r\n    \r\n    \r\n<\/div>\n<div id=\"frm_field_5_container\" class=\"frm_form_field form-field  frm_required_field frm_top_container frm_full\">\r\n    <label for=\"field_9jv0r1\" id=\"field_9jv0r1_label\" class=\"frm_primary_label\">Message\r\n        <span class=\"frm_required\">*<\/span>\r\n    <\/label>\r\n    <textarea name=\"item_meta[5]\" id=\"field_9jv0r1\" rows=\"5\"  data-reqmsg=\"Beskjed cannot be blank.\" aria-required=\"true\" data-invmsg=\"Beskjed is invalid\" aria-invalid=\"false\"  ><\/textarea>\r\n    \r\n    \r\n<\/div>\n<div id=\"frm_field_187_container\" class=\"frm_form_field form-field  frm_required_field frm_top_container vertical_radio\">\r\n    <div  id=\"field_xwjdq_label\" class=\"frm_primary_label\">Privacy policy\r\n        <span class=\"frm_required\" aria-hidden=\"true\">*<\/span>\r\n    <\/div>\r\n    <div class=\"frm_opt_container\" aria-labelledby=\"field_xwjdq_label\" role=\"radiogroup\" aria-required=\"true\">\t\t<div class=\"frm_radio\" id=\"frm_radio_187-0\">\t\t\t<label  for=\"field_xwjdq-0\">\n\t\t\t\t\t<input type=\"radio\" name=\"item_meta[187]\" id=\"field_xwjdq-0\" value=\"Jeg bekrefter \u00e5 la lest og godtar S\u00f8r\u00f8ya Gjestestues &lt;a href=&quot;https:\/\/gjestestua.no\/personvern&quot; target=&quot;_blank&quot;&gt;retningslinjer for personvern&lt;\/a&gt;.\"\n\t\t data-reqmsg=\"Retningslinjer for personvern cannot be blank.\" data-invmsg=\"Retningslinjer for personvern is invalid\"   \/> I confirm to have read S\u00f8r\u00f8ya Gjestestues <a href=\"https:\/\/gjestestua.no\/en\/personvern\/\" target=\"_blank\">Privacy Policy<\/a>.<\/label><\/div>\n<\/div>\r\n    \r\n    \r\n<\/div>\n<div id=\"frm_field_186_container\" class=\"frm_form_field form-field  frm_none_container\">\r\n    <label for=\"g-recaptcha-response\" id=\"field_gc7mn_label\" class=\"frm_primary_label\">Captcha\r\n        <span class=\"frm_required\" aria-hidden=\"true\"><\/span>\r\n    <\/label>\r\n    <div  id=\"field_gc7mn\" class=\"frm-g-recaptcha\" data-sitekey=\"6LcwVH8pAAAAAFUFN74nAmDj_32Cur2p-gNbJqNh\" data-size=\"normal\" data-theme=\"light\"><\/div>\r\n    \r\n    \r\n<\/div>\n\t<input type=\"hidden\" name=\"item_key\" value=\"\" \/>\n\t\t\t<div id=\"frm_field_189_container\">\n\t\t\t<label for=\"field_58kma\" >\n\t\t\t\tIf you are human, leave this field blank.\t\t\t<\/label>\n\t\t\t<input  id=\"field_58kma\" type=\"text\" class=\"frm_form_field form-field frm_verify\" name=\"item_meta[189]\" value=\"\"  \/>\n\t\t<\/div>\n\t\t<input name=\"frm_state\" type=\"hidden\" value=\"wCpZ+W8T1RNK6jsRxUtFZDjb2EmSdbkb8lxTZDP1zB9YbyxVsAPrqC6nkQ18\/UZQ\" \/><div class=\"frm_submit\">\r\n\r\n<button class=\"frm_button_submit frm_final_submit\" type=\"submit\"   formnovalidate=\"formnovalidate\">Send<\/button>\r\n\r\n<\/div><\/div>\n<\/fieldset>\n<\/div>\n\n<input type=\"hidden\" name=\"trp-form-language\" value=\"en\"\/><\/form>\n<\/div>\n<\/div>\t\t\t\t<\/div>\n\t\t\t\t<\/div>\n\t\t\t\t\t<\/div>\n\t\t<\/div>\n\t\t\t\t<div class=\"elementor-column elementor-col-33 elementor-top-column elementor-element elementor-element-896ba17\" data-id=\"896ba17\" data-element_type=\"column\" data-e-type=\"column\">\n\t\t\t<div class=\"elementor-widget-wrap elementor-element-populated\">\n\t\t\t\t\t\t<div class=\"elementor-element elementor-element-0b9b5c4 elementor-widget elementor-widget-heading\" data-id=\"0b9b5c4\" data-element_type=\"widget\" data-e-type=\"widget\" data-widget_type=\"heading.default\">\n\t\t\t\t<div class=\"elementor-widget-container\">\n\t\t\t\t\t<h3 class=\"elementor-heading-title elementor-size-default\">S\u00f8r\u00f8ya Gjestestue<\/h3>\t\t\t\t<\/div>\n\t\t\t\t<\/div>\n\t\t\t\t<div class=\"elementor-element elementor-element-eed6468 elementor-widget elementor-widget-text-editor\" data-id=\"eed6468\" data-element_type=\"widget\" data-e-type=\"widget\" data-widget_type=\"text-editor.default\">\n\t\t\t\t<div class=\"elementor-widget-container\">\n\t\t\t\t\t\t\t\t\t<p>Fiskenes<br>9664 Sand\u00f8ybotn<br>E-post: einar@gjestestua.no<br>Mobil Einar: 990 41 505<br>Mobil Ilona: 918 81&nbsp;021<\/p>\t\t\t\t\t\t\t\t<\/div>\n\t\t\t\t<\/div>\n\t\t\t\t\t<\/div>\n\t\t<\/div>\n\t\t\t\t\t<\/div>\n\t\t<\/section>\n\t\t\t\t<\/div>","protected":false},"excerpt":{"rendered":"<p>S\u00f8r\u00f8ya Gjestestue Fiskenes9664 Sand\u00f8ybotnE-post: einar@gjestestua.noMobil Einar: 990 41 505Mobil Ilona: 918 81&nbsp;021<\/p>","protected":false},"author":1,"featured_media":0,"parent":0,"menu_order":0,"comment_status":"closed","ping_status":"closed","template":"","meta":{"footnotes":""},"class_list":["post-4550","page","type-page","status-publish"],"_links":{"self":[{"href":"https:\/\/gjestestua.no\/en\/wp-json\/wp\/v2\/pages\/4550","targetHints":{"allow":["GET"]}}],"collection":[{"href":"https:\/\/gjestestua.no\/en\/wp-json\/wp\/v2\/pages"}],"about":[{"href":"https:\/\/gjestestua.no\/en\/wp-json\/wp\/v2\/types\/page"}],"author":[{"embeddable":true,"href":"https:\/\/gjestestua.no\/en\/wp-json\/wp\/v2\/users\/1"}],"replies":[{"embeddable":true,"href":"https:\/\/gjestestua.no\/en\/wp-json\/wp\/v2\/comments?post=4550"}],"version-history":[{"count":11,"href":"https:\/\/gjestestua.no\/en\/wp-json\/wp\/v2\/pages\/4550\/revisions"}],"predecessor-version":[{"id":4895,"href":"https:\/\/gjestestua.no\/en\/wp-json\/wp\/v2\/pages\/4550\/revisions\/4895"}],"wp:attachment":[{"href":"https:\/\/gjestestua.no\/en\/wp-json\/wp\/v2\/media?parent=4550"}],"curies":[{"name":"wp","href":"https:\/\/api.w.org\/{rel}","templated":true}]}}