{"id":4544,"date":"2021-06-29T13:58:24","date_gmt":"2021-06-29T13:58:24","guid":{"rendered":"https:\/\/gjestestua.frifugl.com\/?page_id=4544"},"modified":"2021-07-04T17:16:28","modified_gmt":"2021-07-04T17:16:28","slug":"betingelser-for-utleie","status":"publish","type":"page","link":"https:\/\/gjestestua.no\/en\/betingelser-for-utleie\/","title":{"rendered":"Betingelser for utleie"},"content":{"rendered":"<h2 class=\"wp-block-heading\">Innledning<\/h2>\n\n\n\n<p>Dette kj\u00f8pet er regulert av de nedenst\u00e5ende standard salgsbetingelser for forbrukerkj\u00f8p av varer over Internett. Salgsbetingelsene utgj\u00f8r sammen med din bestilling, bekreftet gjennom en ordrebekreftelse, det samlede avtalegrunnlaget for kj\u00f8pet. Disse bestemmelsene gjelder som bindende kontrakt for produkter\/tjenester kj\u00f8pt via www.gjestestua.no, bestilling utenom bookingl\u00f8sning og betaling med faktura, via v\u00e5re samarbeidspartnere, etc., og for leie av b\u00e5ter og utstyr og opphold p\u00e5 v\u00e5re utleieenheter.<\/p>\n\n\n\n<p>Forbrukerkj\u00f8p over internett reguleres hovedsakelig av avtaleloven, forbrukerkj\u00f8psloven, markedsf\u00f8ringsloven, angrerettsloven og ehandelsloven og kredittkj\u00f8psloven, og disse lovene gir forbrukeren ufravikelige rettigheter. Lovene er tilgjengelig p\u00e5 www.lovdata.no. Vilk\u00e5rene i denne avtalen skal ikke forst\u00e5s som noen begrensning i de lovbestemte rettighetene, men oppstiller partenes viktigste rettigheter og plikter for handelen.<\/p>\n\n\n\n<p>Betingelsene gjelder for produkter\/tjenester kj\u00f8pt fra S\u00f8r\u00f8ya Gjestestue, heretter kalt \u00abSelger\u00bb.<\/p>\n\n\n\n<p>Der det i disse salgsbetingelsene stilles krav til skriftlighet, er dette oppfylt ved bruk av e-post, SMS, brev, eller lignende.<\/p>\n\n\n\n<h2 class=\"wp-block-heading\">1. Avtalen<\/h2>\n\n\n\n<p>Avtalen best\u00e5r av disse salgsbetingelsene, opplysninger gitt i bestillingsl\u00f8sningen, ordrebekreftelsen og eventuelt s\u00e6rskilt avtalte vilk\u00e5r. Ved eventuell motstrid mellom opplysningene, g\u00e5r det som s\u00e6rskilt er avtalt mellom partene foran, s\u00e5 fremt det ikke strider mot ufravikelig lovgivning.<\/p>\n\n\n\n<p>Avtalen vil i tillegg bli utfylt av relevante lovbestemmelser som regulerer kj\u00f8p av varer mellom n\u00e6ringsdrivende og forbrukere.<\/p>\n\n\n\n<h2 class=\"wp-block-heading\">2. Partene<\/h2>\n\n\n\n<p>Selger er :<br><strong>S\u00f8r\u00f8ya Gjestestue<\/strong>\u00a0<br>Fiskenes<br>9664 Sand\u00f8ybotn<br>Epost : emroee@online.no<br>Telefon : 78 41 93 18<br>Mobil : 918 81 021<br><br>Organisasjonsnummer : 987968699 MVA, og betegnes i det f\u00f8lgende som selger\/selgeren.<\/p>\n\n\n\n<p>Kj\u00f8per er den forbrukeren som foretar bestillingen, og betegnes i det f\u00f8lgende som kj\u00f8per\/kj\u00f8peren.<\/p>\n\n\n\n<h2 class=\"wp-block-heading\">3. Pris<\/h2>\n\n\n\n<p>Den oppgitte prisen for produkter\/tjenester er den totale prisen kj\u00f8per skal betale. Denne prisen inkluderer alle avgifter og tilleggskostnader. Ytterligere kostnader som selger f\u00f8r kj\u00f8pet ikke har informert om, skal kj\u00f8per ikke b\u00e6re.<\/p>\n\n\n\n<p>Alle priser er i norske kroner (NOK) og vises b\u00e5de inklusive og eksklusive merverdiavgift. Totalkostnaden for kj\u00f8pet vil fremkomme f\u00f8r bestillingen og inkludere alle kostnader forbundet med kj\u00f8pet som avgifter, gebyr og leveringskostnader. De avtalte prisene er bindende for alle parter. Selger tar forbehold om evt. skrivefeil.<\/p>\n\n\n\n<p>Overnattingsstedet forbeholder seg retten til \u00e5 foreta endringer i prisen som f\u00f8lge av \u00f8kte kostnader ved innkj\u00f8p av varer og tjenester, \u00f8kt skatter, markedsforhold eller andre omstendigheter utenfor overnattingsstedet sin kontroll.<\/p>\n\n\n\n<h2 class=\"wp-block-heading\">4. Produktet<\/h2>\n\n\n\n<p>Selger tilbyr f\u00f8lgende for bestilling i sin nettbutikk :<\/p>\n\n\n\n<ul class=\"wp-block-list\"><li>overnatting i gjestestua\/hytter<\/li><li>opplevelsesturer<\/li><li>utleie av b\u00e5t for fiske<\/li><li>utleie av sauna<\/li><li>utleie av sykler<\/li><li>utleie av sn\u00f8scootere<\/li><li>utleie av utstyr for\u00f8vrig<\/li><\/ul>\n\n\n\n<h2 class=\"wp-block-heading\">5. Forbehold<\/h2>\n\n\n\n<p>Vi tar forbehold om eventuelle trykkfeil n\u00e5r det gjelder pris og informasjon om produkter\/tjenester p\u00e5 denne siden. Ta kontakt med oss hvis du har sp\u00f8rsm\u00e5l. Vi \u00f8nsker \u00e5 gi deg god hjelp og en vellykket handel.<\/p>\n\n\n\n<h2 class=\"wp-block-heading\">6. Avtaleinng\u00e5else<\/h2>\n\n\n\n<p>Avtalen er bindende for begge parter n\u00e5r kj\u00f8peren har sendt sin bestilling til selgeren.<\/p>\n\n\n\n<p>Avtalen er likevel ikke bindende hvis det har forekommet skrive- eller tastefeil i tilbudet fra selgeren i bestillingsl\u00f8sningen i nettbutikken eller i kj\u00f8perens bestilling, og den annen part inns\u00e5 eller burde ha innsett at det forel\u00e5 en slik feil.<\/p>\n\n\n\n<p>For alle produkter og\/eller tjenester som kan bestilles p\u00e5 gjeldende nettside gjelder at leietaker\/bestiller m\u00e5 v\u00e6re 18 \u00e5r eller eldre. Legitimasjon m\u00e5 fremvises ved innsjekk. Skulle det vise seg at leietaker ikke er 18 \u00e5r eller eldre vil ikke n\u00f8kkel bli levert ut og leiebel\u00f8pet vil ikke bli refundert.<br>Kontroller bekreftelsen du mottar, slik at denne er i henhold til bestillingen. Leietaker er selv ansvarlig for at kontrakten er i henhold til bestillingen.<\/p>\n\n\n\n<p>Selger fraskriver seg ansvaret for feil som gjester gj\u00f8r hvis de ikke har fulgt v\u00e5re vilk\u00e5r. Vilk\u00e5rene beskytter deg som gjest, overnattingsstedet og selger som distribut\u00f8rer.<\/p>\n\n\n\n<h2 class=\"wp-block-heading\">7. Betalingen<\/h2>\n\n\n\n<p>Selgeren kan kreve betaling for produkt\/tjeneste fra det tidspunkt bestillingen er bekreftet av selgeren.<\/p>\n\n\n\n<p>Bel\u00f8pet reserveres ved bestilling og trekkes n\u00e5r bestillingen er gjennomf\u00f8rt, eller s\u00e5 sendes faktura.<\/p>\n\n\n\n<p>Ved evt. bestilling utenom bookingl\u00f8sning og betaling med faktura tilkommer det et fakturagebyr p\u00e5 NOK 80,-.<\/p>\n\n\n\n<p>Du vil motta en e-\u00adpost n\u00e5r du har gjennomf\u00f8rt bestillingen, forutsatt at du har benyttet en korrekt og gyldig e-post adresse. Ved bekreftet opphold aksepterer leietakeren f\u00f8lgende betalingsbetingelser: Totalbel\u00f8pet skal betales n\u00e5r bestillingen finner sted\/har funnet sted.<\/p>\n\n\n\n<p>Kontroller bekreftelsen du mottar, slik at denne er i henhold til bestillingen. Du er selv ansvarlig for at kontrakten er i henhold til bestillingen.<\/p>\n\n\n\n<p>Selger og v\u00e5re samarbeidspartnere er ansvarlige for at din innloggingsinformasjon ikke blir misbrukt, videresolgt til tredjepart eller p\u00e5 andre m\u00e5ter distribuert uten ditt samtykke. I forbindelse med din bestilling samtykker du til at vi kan sende relevant informasjon til din e-\u00adpostadresse.<\/p>\n\n\n\n<p>N\u00e5r kj\u00f8peren bruker kredittkort eller debetkort ved betaling, kan selgeren reservere kj\u00f8pesummen p\u00e5 kortet ved bestilling. Kortet blir belastet samme dag som bestillingen er bekreftet av selgeren.<\/p>\n\n\n\n<h2 class=\"wp-block-heading\">8. Levering<\/h2>\n\n\n\n<p>Levering fra selgeren til kj\u00f8peren skjer p\u00e5 den m\u00e5te, p\u00e5 det sted og til det tidspunkt som er angitt i bestillingsl\u00f8sningen i nettbutikken.<\/p>\n\n\n\n<p>Utleie av hytter, b\u00e5ter og utstyr skjer fra v\u00e5r adresse.<\/p>\n\n\n\n<p>All relevant informasjon om bestillingen sendes til kundens epost.<\/p>\n\n\n\n<p><strong>Innsjekk og utsjek<\/strong>k:<\/p>\n\n\n\n<p>Innsjekk tidligst kl. 15.00. Utsjekk senest kl. 12.00<\/p>\n\n\n\n<p>N\u00f8kkelutlevering og tilbakelevering av n\u00f8kkel til alle v\u00e5re enheter skjer i resepsjonen hos selger. Ved sen ankomst\/ankomst utenfor v\u00e5re \u00e5pningstider blir n\u00f8kler satt i d\u00f8ren p\u00e5 hytta. Vennligst gi beskjed ved sen ankomst, og vi legger ut n\u00f8kkel til dere.<\/p>\n\n\n\n<h2 class=\"wp-block-heading\">9. Avbestilling og endring<\/h2>\n\n\n\n<p><strong>Badstu<\/strong><\/p>\n\n\n\n<p>Ved avbestilling av badstu senest 48 timer f\u00f8r bestilt tid, refunderes 50% av summen. Ombooking av badstu kan gj\u00f8res kostnadsfritt senest 48 timer f\u00f8r bestilt tid.<\/p>\n\n\n\n<p><strong>The cabins<\/strong><\/p>\n\n\n\n<p>Avbestiller gjesten oppholdet tidligere enn 48 timer f\u00f8r ankomst ved leie av hytte\/rom og evt. b\u00e5t, returneres forskuddsutbetalingen\/betalingen, minus et avbestillings-\/administrasjonsgebyr p\u00e5 NOK 500,- pr. utleieenhet.<\/p>\n\n\n\n<p>Ved avbestilling mindre enn 48 timer f\u00f8r ankomst ved leie av hytte og b\u00e5t, beholder utleier hele det innbetalte bel\u00f8p. Ved tidligere utsjekk blir ikke bel\u00f8p for utest\u00e5ende netter refundert.<\/p>\n\n\n\n<p>Endring av dato eller enhet for oppholdet m\u00e5 gj\u00f8res innen 48 timer f\u00f8r ankomst. Det tilkommer administrasjonsgebyr p\u00e5 NOK 200,- for endringer.<\/p>\n\n\n\n<p><strong>Alle avbestillinger av hytte og b\u00e5t m\u00e5 skje skriftlig til S\u00f8r\u00f8ya Gjestestue p\u00e5 emroee@online.no.<\/strong><\/p>\n\n\n\n<p>Bestiller er selv ansvarlig for egne, relevante forsikringspremier som gjelder reise og bestiller\u00ad\/leieforhold. For eksempel reise\u00ad og fritidsforsikring samt reise og ansvarsforsikring.<\/p>\n\n\n\n<h2 class=\"wp-block-heading\">10. Personopplysninger<\/h2>\n\n\n\n<p>Selger behandler persondata if\u00f8lge Lov om&nbsp; Personopplysninger. Opplysninger som kan knyttes&nbsp; til deg som person vil aldri bli gjort tilgjengelig for&nbsp; andre virksomheter eller bli koblet med andre eksterne register. Her kan du lese v\u00e5re&nbsp;<a href=\"\/en\/privacy\/\" data-type=\"page\">regler for personvern<\/a>.<\/p>\n\n\n\n<h2 class=\"wp-block-heading\">11. Kortinformasjon<\/h2>\n\n\n\n<p>N\u00e5r du handler hos oss med kort blir betalingen\u00a0behandlet av v\u00e5re partnere ved hjelp av sikre, elektroniske betalingsl\u00f8sninger for Visa og Mastercard\/ Eurocard. All kortinformasjon blir oppbevart i henhold til\u00a0 kortselskapenes regelverk.<\/p>\n\n\n\n<h2 class=\"wp-block-heading\">12. Reklamasjon<\/h2>\n\n\n\n<p>Eventuelle reklamasjoner under oppholdet skal fremsettes overfor selger\/utleier p\u00e5 stedet. Ta umiddelbart kontakt, eller senest kl. 10:00 dagen etter ankomst, slik at mangelen\/feilen kan rettes med det samme og med minst mulig ulempe for gjesten. Feil som f\u00f8rst blir innberettet ved avreise eller senere, vil ikke bli kompensert \u00f8konomisk.<\/p>\n\n\n\n<h2 class=\"wp-block-heading\">13. Force majeure og utilfredsstillende v\u00e6rforhold<\/h2>\n\n\n\n<p>Selger og v\u00e5re underleverand\u00f8rer (samarbeidspartnere) st\u00e5r ikke til ansvar for utilfredsstillende v\u00e6rforhold, stengte fasiliteter eller andre forhold som ligger utenfor selgers kontroll.<\/p>\n\n\n\n<p>Vi tar forbehold om feilprising, beskrivelser av tjenester og tekniske problemer som kan oppst\u00e5. Partene kan tre ut av avtalen dersom boenheten ikke kan benyttes p\u00e5 grunn av krigshandlinger, naturkatastrofer, lengre avbrudd av vann\u00ad eller el-\u00adtilf\u00f8rsler, og lignende hendelser som verken utleier eller leietaker kunne forutse eller p\u00e5virke.<\/p>\n\n\n\n<p>P\u00e5 bakgrunn av hendelser som ligger utenfor overnattingstedets kontroll, har overnattingsstedet rett til \u00e5 flytte leietaker til et likeverdig, eller bedre bosted. Der det er mulig, skal leietaker informeres p\u00e5 forh\u00e5nd om slike endringer. Slike endringer gir ikke leietaker rett til \u00e5 unnlate \u00e5 betale for oppholdet.<\/p>\n\n\n\n<h2 class=\"wp-block-heading\">14. Leietakers ansvar ved opphold hos S\u00f8r\u00f8ya Gjestestue<\/h2>\n\n\n\n<p>Leietaker plikter \u00e5 behandle utleieenheten, inventar og utstyr i tilknytning til enheten p\u00e5 en slik m\u00e5te at ingen skade og un\u00f8dvendig slitasje oppst\u00e5r. St\u00f8y og br\u00e5k i utleieenheten som er til sjenanse for v\u00e5re \u00f8vrige gjester vil bli p\u00e5talt. Tas p\u00e5talen ikke til f\u00f8lge, vil umiddelbar utkastelse kunne bli foretatt. Ved en slik situasjon refunderes ikke leiebel\u00f8pet.<\/p>\n\n\n\n<p>Det skal v\u00e6re ro senest kl. 23.00.<\/p>\n\n\n\n<p>Ved \u00f8delagt inventar eller utstyr, h\u00e6rverk\/skade eller selvforskyldt utl\u00f8sning av brannalarm som f\u00f8rer til utrykning vil erstatning bli avkrevd f\u00f8r avreise, eventuelt etterfakturert. Utleieenheten m\u00e5 kun bebos av det kontraktfestede antall personer.<\/p>\n\n\n\n<p>Husdyr kan kun medbringes p\u00e5 de enheter hvor dette er tillatt, og betaling for dette er avtalt.<\/p>\n\n\n\n<p><strong>Rengj\u00f8ring<\/strong><\/p>\n\n\n\n<p>Ved avreise skal gjesten rydde etter seg. Dette inneb\u00e6rer at gjesten vasker av s\u00f8l p\u00e5 benker, tar oppvask og fjerner s\u00f8ppel og tomgods fra boenheten. Eventuelt leid senget\u00f8y skal tas av og legges ved siden av sengen ved avreise. Skulle v\u00e5rt ettersynspersonell ikke godkjenne ryddingen, p\u00e5 kommer et ekstra gebyr. Husk \u00e5 lukke alle d\u00f8rer og vinduer.<\/p>\n\n\n\n<p><strong>Senget\u00f8y<\/strong><\/p>\n\n\n\n<p>Dyner og puter finnes i utleieenhetene. Sengesett og h\u00e5ndkl\u00e6r kan leies hos oss eller medbringes. Bestilling av senget\u00f8y b\u00f8r v\u00e6re oss i hende senest 1 uke f\u00f8r ankomst.<\/p>\n\n\n\n<p>Skader som leietaker p\u00e5f\u00f8rer enheten, skal erstattes av leietaker.<\/p>\n\n\n\n<p>Det er r\u00f8ykeforbud p\u00e5 alle v\u00e5re hytter og leiligheter. Vi ber alle v\u00e5re gjester om \u00e5 respektere dette. Blir ikke dette overholdt vil man bli etterfakturert for kostnadene dette medf\u00f8rer, minimum NOK 1500,-.<\/p>\n\n\n\n<p>Leietaker plikter \u00e5 f\u00f8lge bestemmelser ang\u00e5ende husdyrhold, r\u00f8yking og bruk av \u00e5pen ild. Ved overtredelser vil det bli fakturert et minimumsgebyr p\u00e5 NOK 1500,\u00ad.<\/p>\n\n\n\n<p>Str\u00f8m er inkludert i prisen.<\/p>\n\n\n\n<h3 class=\"wp-block-heading\">Vilk\u00e5r ved b\u00e5tutleie<\/h3>\n\n\n\n<p>Gyldig legitimasjon er obligatorisk n\u00e5r du skal leie b\u00e5t. Dette gjelder ogs\u00e5 forh\u00e5ndsbooket og betalt leie.<\/p>\n\n\n\n<p>Vi tillater ikke v\u00e5re gjester \u00e5 dra ut p\u00e5 fisketur med v\u00e5r utleieb\u00e5t hvis v\u00e5r vurdering av kundens erfaring og kunnskap om b\u00e5tbruk, v\u00e6r, vind, b\u00f8lger, str\u00f8mforhold tilsier at det ikke er forsvarlig.<\/p>\n\n\n\n<ul class=\"wp-block-list\"><li>v\u00e5re gjester plikter \u00e5 overholde norske lover og forskrifter ved ut\u00f8velse av fiske, og det kan bare benyttes handholdt redskap.<\/li><li>det er ikke lov \u00e5 ferdes n\u00e6rmere enn 100 meter fra et oppdrettsanlegg.<\/li><li>gjester har ikke har lov til \u00e5 selge fangsten.<\/li><li>det m\u00e5 ikke fiskes fisk under minstem\u00e5l (ref. detaljert informasjon om regelverk og minstem\u00e5l).<\/li><li>vi er pliktig til \u00e5 rapportere v\u00e5re gjesters fangst til Fiskeridirektoratet, og v\u00e5re gjester forplikter seg derfor til \u00e5 rapportere egen fangst (ogs\u00e5 nullfangst) fra alle turer gjort med b\u00e5ten. Rapportering skjer gjennom tjenesten\u00a0<a rel=\"noreferrer noopener\" href=\"https:\/\/fishmemo.com\/nb\/\" target=\"_blank\">Fishmemo<\/a>\u00a0og krever at leietaker har eller oppretter en egen, gratis brukerkonto p\u00e5 fishmemo.com<\/li><li>v\u00e5re gjester plikter \u00e5 sette seg inn i hvilke arter det er pliktig til \u00e5 registrere ref. informasjon som utdeles, og informasjon i Fishmemo. Det er mengde som skal rapporteres inkl. fiske som er sluppet ut igjen. De skal ogs\u00e5 rapporteres hvis det ikke ble fangst<\/li><li>vi krever at rapporter innsendes umiddelbart etter endt fisketur<\/li><li>hvis leietaker\/b\u00e5tf\u00f8rer er f\u00f8dt f\u00f8r 1980 er b\u00e5tf\u00f8rer fritatt fra kravet om b\u00e5tf\u00f8rerbevis for b\u00e5ter opp til 15 meter<\/li><li>leietaker med utlenlandsk b\u00e5tf\u00f8rerbevis eller kvalifikasjonsbevis (dersom du \u00f8nsker en bekreftelse p\u00e5 om ditt sertifikat vil v\u00e6re gyldig i Norge, kan du sende en e-post til post@sdir.no eller bat@norsktest.no):<ol><li>b\u00e5tf\u00f8rerbevis eller annet kvalifikasjonsbevis utstedt i annen E\u00d8S-stat, er gyldig i samsvar med bevisets innhold.<\/li><li>internasjonalt b\u00e5tf\u00f8rersertifikat (\u00abInternational Certificate for Operators of Pleasure Craft\u00bb) utstedt i henhold til resolusjon 16. oktober 1998 nr. 40 fra de Forente Nasjoners \u00d8konomiske Kommisjon for Europa, Transport Committee, Working Party on Inland Water Transport skal omfatte kystnavigasjon for \u00e5 v\u00e6re gyldig i Norge.<\/li><li>utenlandsk b\u00e5tf\u00f8rerbevis som ikke faller inn under 1. og 2. pkt, er gyldig dersom det i det vesentligste tilfredsstiller kravene til det norske b\u00e5tf\u00f8rerbeviset og er utstedt p\u00e5 et skandinavisk spr\u00e5k eller engelsk.<\/li><\/ol><\/li><li>leietaker som er under 16 \u00e5r, kan f\u00f8re f\u00f8lgende fritidsb\u00e5ter uten b\u00e5tf\u00f8rerbevis:<ul><li>lengde opptil 8 meter (26,5 fot)<\/li><li>maks hastighet 10 knop (18,5 km\/t) eller<\/li><li>maks 10 hestekrefter (7,5 kw)<\/li><\/ul><\/li><li>leietaker som er f\u00f8dt etter 01.01.1980 og er fylt 16 \u00e5r, kan f\u00f8re f\u00f8lgende fritidsb\u00e5ter uten b\u00e5tf\u00f8rerbevis:<ul><li>lengde opptil 8 meter (26,5 fot) og<\/li><li>med motor p\u00e5 maks 25 hestekrefter (19 kw)<\/li><\/ul><\/li><li>det finnes f\u00f8rstehjelpsutstyr ombord i alle b\u00e5ter, kunden\/b\u00e5tf\u00f8rer m\u00e5 vite hvor dette befinner seg f\u00f8r de legger ut p\u00e5 havet<\/li><li>det finnes informasjon om overlevingsteknikk ombord, og at kunden\/b\u00e5tf\u00f8rer plikter \u00e5 sette seg inn i dette f\u00f8r de legger ut p\u00e5 havet<\/li><li>b\u00e5tf\u00f8rer og \u00f8vrige gjester ombord plikter \u00e5 s\u00f8rge for at det ikke skjer forurensning av det ytre milj\u00f8<\/li><li>b\u00e5tf\u00f8rer, i tilfelle havsn\u00f8d, plikter \u00e5 gj\u00f8re alt som st\u00e5r i hans makt for \u00e5 redde de ombordv\u00e6rende og berge b\u00e5ten<\/li><li>b\u00e5tf\u00f8rer plikter \u00e5 rapportere avvik, ulykker og nesten ulykker som involverer han selv, sitt reisef\u00f8lge, b\u00e5ten eller utstyr, til eier<\/li><li>b\u00e5tf\u00f8rer plikter \u00e5 s\u00f8rge for at alle ombord i b\u00e5ten bruker personlig sikkerhetsutstyr<\/li><\/ul>\n\n\n\n<p>All betaling skjer p\u00e5 forskudd. Det refunderes ikke penger for avbrutt leie med mindre det foreligger skriftlig legeerkl\u00e6ring. Tilbakebetaling av leie gj\u00f8res kun ved sykdom mot legeerkl\u00e6ring. Utleier har ikke ansvar for personskader som p\u00e5f\u00f8res leietaker, gods eller tredjeperson i leieperioden.<\/p>\n\n\n\n<p>Det gis ingen erstatning ved uforutsett driftsstopp, f.eks. ved d\u00e5rlig v\u00e6r, motorfeil e.l.<\/p>\n\n\n\n<p>P\u00e5budt sikkerhetsutstyr som redningsvest etc. er inkludert i leien.<\/p>\n\n\n\n<p>B\u00e5t og utstyr skal returneres til utleier n\u00e5r leieperioden er slutt.<\/p>\n\n\n\n<p>Obligatorisk fangstrapport skal leveres i Fishmemo i henhold til tilsendte retningslinjer.<\/p>\n\n\n\n<h2 class=\"wp-block-heading\">15. Selgerens rettigheter ved kj\u00f8perens mislighold<\/h2>\n\n\n\n<p>Dersom kj\u00f8peren ikke betaler eller oppfyller de \u00f8vrige pliktene etter avtalen eller loven, og dette ikke skyldes selgeren eller forhold p\u00e5 selgerens side, kan selgeren i henhold til reglene i forbrukerkj\u00f8psloven kapittel 9 etter omstendighetene&nbsp;<em>holde<\/em>&nbsp;<em>n\u00f8kler til hytte tilbake<\/em>, eller kreve&nbsp;<em>erstatning&nbsp;<\/em>fra kj\u00f8peren. Selgeren vil ogs\u00e5 etter omstendighetene kunne kreve&nbsp;<em>renter ved forsinket betaling, og inkassogebyr<\/em>.<\/p>\n\n\n\n<p>Hindres forbrukeren i \u00e5 oppfylle kj\u00f8pet til rett tid, skal selgeren gis melding om hindringen og dens virkning p\u00e5 muligheten for \u00e5 oppfylle. F\u00e5r selgeren ikke slik melding innen rimelig tid etter at forbrukeren fikk eller burde ha f\u00e5tt kjennskap til hindringen, kan selgeren kreve erstattet tap som kunne ha v\u00e6rt unng\u00e5tt om han eller hun hadde f\u00e5tt meldingen i tide.<\/p>\n\n\n\n<h3 class=\"wp-block-heading\" id=\"chapter-12-3\">Renter ved forsinket betaling\/inkassogebyr<\/h3>\n\n\n\n<p>Dersom kj\u00f8peren ikke betaler kj\u00f8pesummen i henhold til avtalen, kan selger kreve renter av kj\u00f8pesummen etter forsinkelsesrenteloven. Ved manglende betaling kan kravet, etter forutg\u00e5ende varsel, bli sendt til inkasso. Kj\u00f8per kan da bli holdt ansvarlig for gebyr etter inkassoloven.<\/p>\n\n\n\n<h2 class=\"wp-block-heading\">16. Personopplysninger<\/h2>\n\n\n\n<p>Behandlingsansvarlig for innsamlede personopplysninger er selger. Med mindre kj\u00f8peren samtykker til noe annet, kan selgeren, i tr\u00e5d med personopplysningsloven, kun innhente og lagre de personopplysninger som er n\u00f8dvendig for at selgeren skal kunne gjennomf\u00f8re forpliktelsene etter avtalen. Kj\u00f8perens personopplysninger vil kun bli utlevert til andre hvis det er n\u00f8dvendig for at selger skal f\u00e5 gjennomf\u00f8rt avtalen med kj\u00f8peren, eller i lovbestemte tilfelle.<\/p>\n\n\n\n<p>Les v\u00e5re&nbsp;<a href=\"\/en\/privacy\/\" data-type=\"page\">personvernregler<\/a>.<\/p>\n\n\n\n<h2 class=\"wp-block-heading\">17. Konfliktl\u00f8sning<\/h2>\n\n\n\n<p>Klager\/reklamasjon rettes til selger innen rimelig tid, jf. punkt 12. Partene skal fors\u00f8ke \u00e5 l\u00f8se eventuelle tvister i minnelighet. Dersom dette ikke lykkes, kan kj\u00f8peren ta kontakt med Forbrukertilsynet for mekling. Forbrukertilsynet er tilgjengelig &nbsp;p\u00e5 &nbsp;telefon +47 23&nbsp; 400&nbsp; 600.<\/p>\n\n\n\n<p>Europa-Kommisjonens klageportal kan ogs\u00e5 brukes hvis du \u00f8nsker \u00e5 inngi en klage. Det er s\u00e6rlig relevant, hvis du er forbruker bosatt i et annet EU-land. Klagen inngis her:&nbsp;<a href=\"http:\/\/ec.europa.eu\/odr\">http:\/\/ec.europa.eu\/odr<\/a>.<\/p>","protected":false},"excerpt":{"rendered":"<p>Innledning Dette kj\u00f8pet er regulert av de nedenst\u00e5ende standard salgsbetingelser for forbrukerkj\u00f8p av varer over Internett. Salgsbetingelsene utgj\u00f8r sammen med din bestilling, bekreftet gjennom en ordrebekreftelse, det samlede avtalegrunnlaget for kj\u00f8pet. Disse bestemmelsene gjelder som bindende kontrakt for produkter\/tjenester kj\u00f8pt via www.gjestestua.no, bestilling utenom bookingl\u00f8sning og betaling med faktura, via v\u00e5re samarbeidspartnere, etc., og for &#8230; <a title=\"Betingelser for utleie\" class=\"read-more\" href=\"https:\/\/gjestestua.no\/en\/betingelser-for-utleie\/\" aria-label=\"Read more about Betingelser for utleie\">Read more<\/a><\/p>","protected":false},"author":1,"featured_media":0,"parent":0,"menu_order":0,"comment_status":"closed","ping_status":"closed","template":"","meta":{"footnotes":""},"class_list":["post-4544","page","type-page","status-publish"],"_links":{"self":[{"href":"https:\/\/gjestestua.no\/en\/wp-json\/wp\/v2\/pages\/4544","targetHints":{"allow":["GET"]}}],"collection":[{"href":"https:\/\/gjestestua.no\/en\/wp-json\/wp\/v2\/pages"}],"about":[{"href":"https:\/\/gjestestua.no\/en\/wp-json\/wp\/v2\/types\/page"}],"author":[{"embeddable":true,"href":"https:\/\/gjestestua.no\/en\/wp-json\/wp\/v2\/users\/1"}],"replies":[{"embeddable":true,"href":"https:\/\/gjestestua.no\/en\/wp-json\/wp\/v2\/comments?post=4544"}],"version-history":[{"count":6,"href":"https:\/\/gjestestua.no\/en\/wp-json\/wp\/v2\/pages\/4544\/revisions"}],"predecessor-version":[{"id":4608,"href":"https:\/\/gjestestua.no\/en\/wp-json\/wp\/v2\/pages\/4544\/revisions\/4608"}],"wp:attachment":[{"href":"https:\/\/gjestestua.no\/en\/wp-json\/wp\/v2\/media?parent=4544"}],"curies":[{"name":"wp","href":"https:\/\/api.w.org\/{rel}","templated":true}]}}