{"id":4478,"date":"2021-05-20T19:34:27","date_gmt":"2021-05-20T19:34:27","guid":{"rendered":"https:\/\/gjestestua.frifugl.com\/?page_id=4478"},"modified":"2021-06-29T11:05:33","modified_gmt":"2021-06-29T11:05:33","slug":"fiske-og-naturopplevelser","status":"publish","type":"page","link":"https:\/\/gjestestua.no\/en\/fiske-og-naturopplevelser\/","title":{"rendered":"Fishing and nature experiences"},"content":{"rendered":"<div data-elementor-type=\"wp-page\" data-elementor-id=\"4478\" class=\"elementor elementor-4478\" data-elementor-post-type=\"page\">\n\t\t\t\t\t\t<section class=\"elementor-section elementor-top-section elementor-element elementor-element-2c5401bb elementor-section-boxed elementor-section-height-default elementor-section-height-default\" data-id=\"2c5401bb\" data-element_type=\"section\" data-e-type=\"section\">\n\t\t\t\t\t\t<div class=\"elementor-container elementor-column-gap-default\">\n\t\t\t\t\t<div class=\"elementor-column elementor-col-100 elementor-top-column elementor-element elementor-element-1b3659\" data-id=\"1b3659\" data-element_type=\"column\" data-e-type=\"column\">\n\t\t\t<div class=\"elementor-widget-wrap elementor-element-populated\">\n\t\t\t\t\t\t<div class=\"elementor-element elementor-element-55e15c3 elementor-widget elementor-widget-heading\" data-id=\"55e15c3\" data-element_type=\"widget\" data-e-type=\"widget\" data-widget_type=\"heading.default\">\n\t\t\t\t<div class=\"elementor-widget-container\">\n\t\t\t\t\t<h2 class=\"elementor-heading-title elementor-size-default\">Fishing and nature experiences<\/h2>\t\t\t\t<\/div>\n\t\t\t\t<\/div>\n\t\t\t\t<div class=\"elementor-element elementor-element-d9cfa94 elementor-widget elementor-widget-text-editor\" data-id=\"d9cfa94\" data-element_type=\"widget\" data-e-type=\"widget\" data-widget_type=\"text-editor.default\">\n\t\t\t\t<div class=\"elementor-widget-container\">\n\t\t\t\t\t\t\t\t\t<p>S\u00f8r\u00f8ya Gjestestue er lokalisert ved Fiskenes i Sand\u00f8ybotn i Hammerfest kommune &#8211; langt borte fra bylivets st\u00f8y og mas. S\u00f8r\u00f8ya, som ogs\u00e5 kalles \u00abden gr\u00f8nne \u00f8ya i nord\u00bb, er Norges fjerde st\u00f8rste \u00f8y etter areal med over tusen fiskevann for r\u00f8ye og \u00f8rret. Her finner du endel\u00f8s uber\u00f8rt natur, stillhet med unntak av fuglekvitter og b\u00f8lgene som sl\u00e5r inn fra havet. Her finnes ogs\u00e5 noen av Norges flotteste sandstrender med Barentshavet like utenfor. Vi byr p\u00e5 opplevelser b\u00e5de for voksne og barn. Husk \u00e5 ta med b\u00e5de badeutstyr og dunjakke p\u00e5 ettersommeren, det kan bli bruk for begge typer plagg.<\/p>\n<p>Det er meget gode fiske-, jakt- og turmuligheter p\u00e5 S\u00f8r\u00f8ya \u2013 b\u00e5de i vinterhalv\u00e5ret og i sommerhalv\u00e5ret. Hvert \u00e5r i juli arrangeres det en havfiskefestival i S\u00f8rv\u00e6r p\u00e5 s\u00f8rsiden av \u00f8ya.<\/p>\n<p>Er det noen som har lyst til \u00e5 oppleve f\u00f8lelsen av fjellhytte ved havet s\u00e5 er det denne f\u00f8lelsen man f\u00e5r hos oss n\u00e5r en kan fange stor skreien ute i fjorden, og steik \u00f8rreten er fisket i vannene rett i n\u00e6rheten.<\/p>\t\t\t\t\t\t\t\t<\/div>\n\t\t\t\t<\/div>\n\t\t\t\t<div class=\"elementor-element elementor-element-b91a4c6 elementor-widget elementor-widget-heading\" data-id=\"b91a4c6\" data-element_type=\"widget\" data-e-type=\"widget\" data-widget_type=\"heading.default\">\n\t\t\t\t<div class=\"elementor-widget-container\">\n\t\t\t\t\t<h3 class=\"elementor-heading-title elementor-size-default\">Fiske<\/h3>\t\t\t\t<\/div>\n\t\t\t\t<\/div>\n\t\t\t\t<div class=\"elementor-element elementor-element-0614f6c elementor-widget elementor-widget-text-editor\" data-id=\"0614f6c\" data-element_type=\"widget\" data-e-type=\"widget\" data-widget_type=\"text-editor.default\">\n\t\t\t\t<div class=\"elementor-widget-container\">\n\t\t\t\t\t\t\t\t\t<p>Fiske kan utf\u00f8res hele \u00e5ret \u2013 b\u00e5de ute i fjorden og p\u00e5 land.<\/p>\n<p><!-- \/wp:paragraph --><!-- wp:paragraph --><\/p>\n<p>Utenfor S\u00f8r\u00f8ya Gjestestue er det mange flotte fiskeomr\u00e5der. B\u00e5de i fjorden og lengre ut i havgapet er det sv\u00e6rt gode fiskemuligheter, sommer som vinter. I havomr\u00e5dene rundt fiskes det b\u00e5de kveite\/helleflyndre, stortorsk\/skrei, steinbit og russekrabbe. Gjestene p\u00e5 gjestestua som leier b\u00e5ter hos oss, f\u00e5r sjekke krabbeteinen fritt. Er det krabbe i den, s\u00e5 f\u00e5r v\u00e5re gjester beholde dem. De rekordstore kveitene som kan fiskes i fjorden utenfor gjestestua, er en stor attraksjon. S\u00f8r\u00f8ya er kjent for stor fisk. \u00c5 egenhendig dra opp en fisk p\u00e5 14-100 kilo gj\u00f8r et varig inntrykk. S\u00f8r\u00f8ya har mange fiskerekorder for stangfiske for flere fiskearter. Kveitefiske begynner gjerne i midten av mai m\u00e5ned. I den tiden er Kongekrabbefiske ogs\u00e5 veldig bra. Hvorfor ikke begge deler\u2026<\/p>\n<p><!-- \/wp:paragraph --><!-- wp:paragraph --><\/p>\n<p>I havgapet utenfor kan du ogs\u00e5 oppleve sel og lekne v\u00e5gehvaler. Litt mindre vanlig er det \u00e5 oppleve spekkhoggere ute i fjorden hos oss, men ogs\u00e5 de er p\u00e5 v\u00e5re kanter iblant. Yttersiden av S\u00f8r\u00f8ya er et viktig leveomr\u00e5de for sel av artene havert (gr\u00e5sel) og steinkobbe. I februar til april, hvert \u00e5r, samler det seg en stor koloni med havert, som kommer for \u00e5 beite p\u00e5 de rike fiskeressursene p\u00e5 yttersiden av S\u00f8r\u00f8ya.<\/p>\n<p><!-- \/wp:paragraph --><!-- wp:paragraph --><\/p>\n<p>P\u00e5 S\u00f8r\u00f8ya er det anslagsvis tusen vann med \u00f8rret og r\u00f8ye. Det er ogs\u00e5 mange fine \u00f8rret- og r\u00f8yevann i Sand\u00f8ybotn. Noen vann bare i kort gangavstand fra gjestestua \u2013 etter ti minutters gange er du ved gode fiskevann. Cirka to kilometer fra gjestestua er det en plass som heter Str\u00f8mmen. Det er ved ei bru som havet renner ut og inn under, alt etter tidevannet. Der er det flere som har f\u00e5tt laks og sj\u00f8\u00f8rret. Det er ogs\u00e5 ei fin sandstrand der. Du kan leie lavvo hos oss til en slik tur om du \u00f8nsker det for \u00e5 overnatte ute. Juni, juli og august regnes for \u00e5 v\u00e6re den beste tiden for innlandsfiske. \u00d8rretfiske kan foreg\u00e5 til langt ut i september, mens r\u00f8yefiske er best til midten av august. Om vinteren kan du fiske p\u00e5 isen i disse vannene, og du kan velge \u00e5 leie oss for en guidet sn\u00f8scootertur for \u00e5 dra p\u00e5 fisketur langs scooterl\u00f8ypa som g\u00e5r til gjestestua og hyttene.<\/p>\t\t\t\t\t\t\t\t<\/div>\n\t\t\t\t<\/div>\n\t\t\t\t<div class=\"elementor-element elementor-element-2db32f2 elementor-widget elementor-widget-heading\" data-id=\"2db32f2\" data-element_type=\"widget\" data-e-type=\"widget\" data-widget_type=\"heading.default\">\n\t\t\t\t<div class=\"elementor-widget-container\">\n\t\t\t\t\t<h3 class=\"elementor-heading-title elementor-size-default\">Jakt<\/h3>\t\t\t\t<\/div>\n\t\t\t\t<\/div>\n\t\t\t\t<div class=\"elementor-element elementor-element-1b7dcc6 elementor-widget elementor-widget-text-editor\" data-id=\"1b7dcc6\" data-element_type=\"widget\" data-e-type=\"widget\" data-widget_type=\"text-editor.default\">\n\t\t\t\t<div class=\"elementor-widget-container\">\n\t\t\t\t\t\t\t\t\t<p>S\u00f8r\u00f8ya har et rikt dyreliv, og er kjent for sin rype &#8211; og harebestand. Om h\u00f8sten er det tid for sm\u00e5viltjakt, noe som byr p\u00e5 flotte turer og spenning. S\u00f8r\u00f8ya er et av de beste jaktomr\u00e5dene for hare i Norge. Bestandene er store, og jegere som kommer til oss, oppfordres til \u00e5 jakte p\u00e5 hare for \u00e5 holde bestanden nede. P\u00e5 S\u00f8r\u00f8ya jakter man b\u00e5de p\u00e5 fjellrype og lirype. Rypebestanden varierer fra \u00e5r til \u00e5r. Rype- og harejakt foreg\u00e5r i perioden 10. september til 15. mars. Vi anbefaler p\u00e5 det sterkeste vinterharejakt her hos oss, gjerne i slutten av februar. Da er det lengre dager med lys ogs\u00e5.<\/p>\t\t\t\t\t\t\t\t<\/div>\n\t\t\t\t<\/div>\n\t\t\t\t<div class=\"elementor-element elementor-element-2e3356a elementor-widget elementor-widget-heading\" data-id=\"2e3356a\" data-element_type=\"widget\" data-e-type=\"widget\" data-widget_type=\"heading.default\">\n\t\t\t\t<div class=\"elementor-widget-container\">\n\t\t\t\t\t<h3 class=\"elementor-heading-title elementor-size-default\">Tur i skog og mark<\/h3>\t\t\t\t<\/div>\n\t\t\t\t<\/div>\n\t\t\t\t<div class=\"elementor-element elementor-element-fa3f117 elementor-widget elementor-widget-text-editor\" data-id=\"fa3f117\" data-element_type=\"widget\" data-e-type=\"widget\" data-widget_type=\"text-editor.default\">\n\t\t\t\t<div class=\"elementor-widget-container\">\n\t\t\t\t\t\t\t\t\t<p>Det kan v\u00e6re en opplevelse i seg selv \u00e5 komme utover til havgapet hos oss med b\u00e5t eller sn\u00f8scooter. Mange synes disse turene er fascinerende.<\/p>\n<p><!-- \/wp:paragraph --><!-- wp:paragraph --><\/p>\n<p>Om vinteren fram til mai kan du ogs\u00e5 leie guidet sn\u00f8scootertur hos oss for en sn\u00f8scootersafari. P\u00e5 S\u00f8r\u00f8ya er det scooterl\u00f8yper som strekker seg fra Akkarfjord til Hasvik og S\u00f8rv\u00e6r. Scooterl\u00f8ypa g\u00e5r til gjestestua og hyttene.<\/p>\n<p>Hos oss er det fint turterreng for b\u00e5de korte og litt lengere turer. Ved kirkeg\u00e5rden i Sand\u00f8ybotn er det en fin sandstrand som ogs\u00e5 er litt skjermet fra folk. Det er cirka 3-400 meter \u00e5 g\u00e5 dit fra gjestestua.<\/p>\n<p><!-- \/wp:paragraph --><!-- wp:paragraph --><\/p>\n<p>Du kan planlegge for fottur p\u00e5 egenh\u00e5nd, eller f\u00f8lge merkede stier. Velger du \u00e5 g\u00e5 en tur til fots for \u00e5 utforske \u00f8ya p\u00e5 egenh\u00e5nd, finner du gode fiskevann, idylliske sm\u00e5plasser, \u00ablaguner\u00bb med hvite strender av skjell og korallsand og storsl\u00e5tt natur, dyre- og fugleliv. Du kan velge \u00e5 bes\u00f8ke de ber\u00f8mte hulene der folk overvintret under krigen, helleristningene og hustuftene p\u00e5 Slettnes, de lange sandstrendene, Sandfjellet i Gamvika, de sjeldne steinartene (ametyst, gabbro, sodalitt), havfiskemilj\u00f8et i S\u00f8rv\u00e6r, Kj\u00f8ttvikvarden og fyrvokterveien, de store sel og sj\u00f8fuglkoloniene, det storsl\u00e5tte kystlandskapet, med mer.<\/p>\n<p><!-- \/wp:paragraph --><!-- wp:paragraph --><\/p>\n<p>Du kan ogs\u00e5 benytte merkede stier. Det er blant annet en sammenhengende tursti fra fjellet Fuglen ved S\u00f8rv\u00e6r til Akkarfjord og Tarhalsen. I Sand\u00f8ybotn er det en startpunkttavle med innlagt informasjon om turstien p\u00e5 norsk, engelsk og tysk. Turstien p\u00e5 omtrent hundre kilometer er merket i henhold til Den Norske Turistforenings (DNTs) merkestandard, og med flere retningsskilt p\u00e5 skiltpunkter langs turstien.<\/p>\n<p><!-- \/wp:paragraph --><!-- wp:paragraph --><\/p>\n<p>P\u00e5 fottur p\u00e5 S\u00f8r\u00f8ya kan du oppleve et rikt og variert fugleliv med utallige arter (eks. hav\u00f8rn, konge\u00f8rn, t\u00e5rnfalk, dvergfalk, vandrefalk, rype, lundefugl, lomvi, alke m.v.). Mange av dem hekker i store kolonier p\u00e5 yttersiden av S\u00f8r\u00f8ya, p\u00e5 Bond\u00f8ya og Lille Kam\u00f8ya. Av sjeldne arter, som er p\u00e5vist hekkende her, kan nevnes havsvale, havhest og storjo.<\/p>\n<p><!-- \/wp:paragraph --><!-- wp:paragraph --><\/p>\n<p>Hare, oter, r\u00f8yskatt, mink, lirype og fjellrype er vanlige arter her og p\u00e5treffes over hele \u00f8ya.<\/p>\n<p><!-- \/wp:paragraph --><!-- wp:paragraph --><\/p>\n<p>S\u00f8r\u00f8ya kan by p\u00e5 friskt og skiftende v\u00e6r, s\u00e5 selv om v\u00e6rmeldingene er gode, kan det v\u00e6re lurt \u00e5 pakke slik at du er rustet for litt frisk vind, nedb\u00f8r og kj\u00f8lige temperaturer.<\/p>\n<p><!-- \/wp:paragraph --><!-- wp:paragraph --><\/p>\n<p>Er du heldig, s\u00e5 kan du avslutte dagen med \u00e5 spise multeb\u00e6r i midnattssol p\u00e5 sensommeren. Det er rikelig med b\u00e6r i Sand\u00f8ybotn. Multeb\u00e6r kan du finne helt ned til havniv\u00e5. Gjestene kan starte \u00e5 plukke b\u00e6r i bakken rett ved Gjestestua!<\/p>\n<p><!-- \/wp:paragraph --><!-- wp:paragraph --><\/p>\n<p>Etter en tur i skog og fjell kan du slappe av i badstua med en \u00abkaill en\u00bb n\u00e5r du er tilbake \u2013 kanskje ogs\u00e5 en sv\u00f8mmetur i havet. Etter p\u00e5 kan du sitte p\u00e5 terrassen \u00e5 nyte god mat og en god pils eller kaffe om kvelden, og la roen senke seg.<\/p>\t\t\t\t\t\t\t\t<\/div>\n\t\t\t\t<\/div>\n\t\t\t\t<div class=\"elementor-element elementor-element-7eb223a elementor-widget elementor-widget-heading\" data-id=\"7eb223a\" data-element_type=\"widget\" data-e-type=\"widget\" data-widget_type=\"heading.default\">\n\t\t\t\t<div class=\"elementor-widget-container\">\n\t\t\t\t\t<h3 class=\"elementor-heading-title elementor-size-default\">Reise til oss<\/h3>\t\t\t\t<\/div>\n\t\t\t\t<\/div>\n\t\t\t\t<div class=\"elementor-element elementor-element-1b3669d4 elementor-widget elementor-widget-text-editor\" data-id=\"1b3669d4\" data-element_type=\"widget\" data-e-type=\"widget\" data-widget_type=\"text-editor.default\">\n\t\t\t\t<div class=\"elementor-widget-container\">\n\t\t\t\t\t\t\t\t\t<p><!-- wp:paragraph --><\/p>\n<p><!-- \/wp:paragraph --><!-- wp:paragraph --><\/p>\n<p><!-- \/wp:paragraph --><!-- wp:paragraph --><\/p>\n<p><!-- \/wp:paragraph --><!-- wp:paragraph --><\/p>\n<p>For \u00e5 komme til oss kan du reise til Hammerfest med fly, bil eller b\u00e5t. Derfra reiser du med ruteg\u00e5ende hurtigb\u00e5t til Lotre. I Lotre vil vi m\u00f8te dere med bil\/minibuss, og frakte dere og bagasjen over til Gjestestua i Sand\u00f8ybotn. Det er cirka \u00e5tte kilometer fra Lotre til gjestestua. Veien til S\u00f8r\u00f8ya Gjestestue er vinterstengt. N\u00e5r veien stenges cirka rett etter nytt\u00e5r, blir all transport av gods og gjester utf\u00f8rt med sn\u00f8scooter. Ta kontakt for \u00e5 planlegge en uforglemmelig opplevelse hos oss.<\/p>\n<p><!-- \/wp:paragraph --><\/p>\t\t\t\t\t\t\t\t<\/div>\n\t\t\t\t<\/div>\n\t\t\t\t<div class=\"elementor-element elementor-element-065f9b1 elementor-widget elementor-widget-html\" data-id=\"065f9b1\" data-element_type=\"widget\" data-e-type=\"widget\" data-widget_type=\"html.default\">\n\t\t\t\t<div class=\"elementor-widget-container\">\n\t\t\t\t\t<iframe style=\"border: 0;\" src=\"https:\/\/kart.gulesider.no\/m\/zUdYw?embed=true&amp;center=70.6426791342324,23.377532958984375&amp;zoom=10&amp;layer=map\" width=\"600\" height=\"450\" frameborder=\"0\"><\/iframe>\t\t\t\t<\/div>\n\t\t\t\t<\/div>\n\t\t\t\t\t<\/div>\n\t\t<\/div>\n\t\t\t\t\t<\/div>\n\t\t<\/section>\n\t\t\t\t<\/div>","protected":false},"excerpt":{"rendered":"<p>Fiske- og naturopplevelser S\u00f8r\u00f8ya Gjestestue er lokalisert ved Fiskenes i Sand\u00f8ybotn i Hammerfest kommune &#8211; langt borte fra bylivets st\u00f8y og mas. S\u00f8r\u00f8ya, som ogs\u00e5 kalles \u00abden gr\u00f8nne \u00f8ya i nord\u00bb, er Norges fjerde st\u00f8rste \u00f8y etter areal med over tusen fiskevann for r\u00f8ye og \u00f8rret. Her finner du endel\u00f8s uber\u00f8rt natur, stillhet med unntak &#8230; <a title=\"Fishing and nature experiences\" class=\"read-more\" href=\"https:\/\/gjestestua.no\/en\/fiske-og-naturopplevelser\/\" aria-label=\"Read more about Fiske- og naturopplevelser\">Read more<\/a><\/p>","protected":false},"author":1,"featured_media":0,"parent":0,"menu_order":0,"comment_status":"closed","ping_status":"closed","template":"","meta":{"footnotes":""},"class_list":["post-4478","page","type-page","status-publish"],"_links":{"self":[{"href":"https:\/\/gjestestua.no\/en\/wp-json\/wp\/v2\/pages\/4478","targetHints":{"allow":["GET"]}}],"collection":[{"href":"https:\/\/gjestestua.no\/en\/wp-json\/wp\/v2\/pages"}],"about":[{"href":"https:\/\/gjestestua.no\/en\/wp-json\/wp\/v2\/types\/page"}],"author":[{"embeddable":true,"href":"https:\/\/gjestestua.no\/en\/wp-json\/wp\/v2\/users\/1"}],"replies":[{"embeddable":true,"href":"https:\/\/gjestestua.no\/en\/wp-json\/wp\/v2\/comments?post=4478"}],"version-history":[{"count":28,"href":"https:\/\/gjestestua.no\/en\/wp-json\/wp\/v2\/pages\/4478\/revisions"}],"predecessor-version":[{"id":4530,"href":"https:\/\/gjestestua.no\/en\/wp-json\/wp\/v2\/pages\/4478\/revisions\/4530"}],"wp:attachment":[{"href":"https:\/\/gjestestua.no\/en\/wp-json\/wp\/v2\/media?parent=4478"}],"curies":[{"name":"wp","href":"https:\/\/api.w.org\/{rel}","templated":true}]}}