{"id":4433,"date":"2021-05-01T13:08:40","date_gmt":"2021-05-01T13:08:40","guid":{"rendered":"https:\/\/gjestestua.frifugl.com\/?page_id=4433"},"modified":"2021-05-24T08:55:29","modified_gmt":"2021-05-24T08:55:29","slug":"vertskapet","status":"publish","type":"page","link":"https:\/\/gjestestua.no\/en\/vertskapet\/","title":{"rendered":"The hosts"},"content":{"rendered":"<p>Hosts and operators of S\u00f8r\u00f8ya Gjestestue are Ilona Kathrine R\u00f8e and Einar R\u00f8e. Gammelhjem is Einar's childhood home, and as soon as he was old enough to decide for himself, he chose to move back to the farm from Hammerfest. It has always been his dream since he was 8-10 years old to move back. And when the youngest man finished primary school, Ilona could finally move home too. We are also fortunate that one of our sons, Trond-Vegar, has moved back to the farm. Trond-Vegar says he lives in paradise every day. In the same way, we now run both a farm and a tourism business.<\/p>\n\n\n\n<p>Gjestestua is located in Sand\u00f8ybotn in scenic surroundings on the outer side of S\u00f8r\u00f8ya, close to the farm Gammelhjem. We started in 2006. Gjestestua is originally a boarding school from the mid-1950s. In addition to renting out rooms and cabins, we also have a small souvenir shop where we sell various hiking equipment. We have a particularly good selection of sea fishing rods and jigs. Just below the guest room is the dock. In the pub in the guest room you can experience a good atmosphere with all the singing and live music, both with and without an umbrella drink and other good things (the pub is currently closed). We have both a barbecue cabin and a sauna that our guests can use.<\/p>\n\n\n\n<p>When our guests arrive, we go into the pub. Then we will gladly take a review of fishing spots, nature, a bit of history about the area, and not least safety at sea.<\/p>\n\n\n\n<p>For our guests who need it, we rent out sea fishing lines, inland fishing rods, lavvo and guided tours with snowmobiles.<\/p>\n\n\n\n<p>On the farm we have sheep, cats, dogs and chickens. In the autumn we do hunting and sheep herding, and if there is anyone who would like to experience sheep herding with us, just get in touch. <\/p>\n\n\n\n<p>In addition to being a sheep farmer in Sand\u00f8ybotn and running a farm and tourist facility with rental of boats and equipment, Einar is a local postmaster and a boat dispatcher in Lotre. He is also the contact person for the power grid - and much else. In the summer, we run a minibus route with an agreement with the county council. Much of this is done out of pure idealism to maintain services on S\u00f8r\u00f8ya and contact with the wider community.<\/p>","protected":false},"excerpt":{"rendered":"<p>Verter og drivere av S\u00f8r\u00f8ya Gjestestue er Ilona Kathrine R\u00f8e og Einar R\u00f8e. Gammelhjem er barndomshjemmet til Einar, og s\u00e5 snart han var gammel nok til \u00e5 bestemme selv, valgte han \u00e5 flytte tilbake til g\u00e5rden fra Hammerfest. Det har alltid v\u00e6rt dr\u00f8mmen hans fra han var 8-10 \u00e5r \u00e5 flytte tilbake. Og n\u00e5r yngstemann &#8230; <a title=\"The hosts\" class=\"read-more\" href=\"https:\/\/gjestestua.no\/en\/vertskapet\/\" aria-label=\"Read more about Vertskapet\">Read more<\/a><\/p>","protected":false},"author":1,"featured_media":0,"parent":0,"menu_order":0,"comment_status":"closed","ping_status":"closed","template":"","meta":{"footnotes":""},"class_list":["post-4433","page","type-page","status-publish"],"_links":{"self":[{"href":"https:\/\/gjestestua.no\/en\/wp-json\/wp\/v2\/pages\/4433","targetHints":{"allow":["GET"]}}],"collection":[{"href":"https:\/\/gjestestua.no\/en\/wp-json\/wp\/v2\/pages"}],"about":[{"href":"https:\/\/gjestestua.no\/en\/wp-json\/wp\/v2\/types\/page"}],"author":[{"embeddable":true,"href":"https:\/\/gjestestua.no\/en\/wp-json\/wp\/v2\/users\/1"}],"replies":[{"embeddable":true,"href":"https:\/\/gjestestua.no\/en\/wp-json\/wp\/v2\/comments?post=4433"}],"version-history":[{"count":18,"href":"https:\/\/gjestestua.no\/en\/wp-json\/wp\/v2\/pages\/4433\/revisions"}],"predecessor-version":[{"id":4516,"href":"https:\/\/gjestestua.no\/en\/wp-json\/wp\/v2\/pages\/4433\/revisions\/4516"}],"wp:attachment":[{"href":"https:\/\/gjestestua.no\/en\/wp-json\/wp\/v2\/media?parent=4433"}],"curies":[{"name":"wp","href":"https:\/\/api.w.org\/{rel}","templated":true}]}}