{"id":3214,"date":"2020-10-23T14:18:06","date_gmt":"2020-10-23T14:18:06","guid":{"rendered":"https:\/\/sjobuer.guolli.com\/?page_id=3214"},"modified":"2021-03-21T21:09:45","modified_gmt":"2021-03-21T21:09:45","slug":"home-2","status":"publish","type":"page","link":"https:\/\/gjestestua.no\/en\/home-2\/","title":{"rendered":"Home"},"content":{"rendered":"<div class=\"gb-container gb-container-d038e518\"><div class=\"gb-inside-container\">\n\n<h1 class=\"gb-headline gb-headline-6876c8f0 gb-headline-text headline-shadow\">Welcome to Manndalen Sj\u00f8buer in Gaivuotna\/K\u00e5fjord, Norway.<\/h1>\n\n\n\n<h2 class=\"gb-headline gb-headline-cc91ded4 gb-headline-text\">CAFE &#8211; ACCOMODATION &#8211; BOAT RENTAL &#8211; GUIDE<\/h2>\n\n\n<div class=\"gb-grid-wrapper gb-grid-wrapper-c6eaea06\">\n<div class=\"gb-grid-column gb-grid-column-1433016f\"><div class=\"gb-container gb-container-1433016f container-shadow\"><div class=\"gb-inside-container\">\n\n<figure class=\"wp-block-image size-large\"><img decoding=\"async\" src=\"https:\/\/gjestestua.no\/wp-content\/uploads\/2020\/10\/resepsjon.jpg\" alt=\"\" class=\"wp-image-3215\"\/><\/figure>\n\n\n<div class=\"gb-container gb-container-87419ada\"><div class=\"gb-inside-container\">\n\n<p class=\"gb-headline gb-headline-cf1787fd gb-headline-text\">MANNDALEN SJ\u00d8BUER<\/p>\n\n\n\n<p class=\"gb-headline gb-headline-946c2c17 gb-headline-text\">+47 41604738 | post@sjobuer.no<br><br>Boat rental | Jacuzzi | Gut house for guests | Wifi | Large barbecue area | Playground for children | Bicycle park | Tour areas | Snowmobile trail | Ski trail | Fishing opportunities | Meeting rooms | Parking<\/p>\n\n<\/div><\/div>\n<\/div><\/div><\/div>\n\n<div class=\"gb-grid-column gb-grid-column-1b88a261\"><div class=\"gb-container gb-container-1b88a261 container-shadow\"><div class=\"gb-inside-container\">\n\n<figure class=\"wp-block-image size-large\"><a href=\"\/en\/produktkategori\/the-sea-cabins\/\"><img decoding=\"async\" src=\"https:\/\/gjestestua.no\/wp-content\/uploads\/2021\/03\/Stue-i-hytte-1-edited-300x188-1.jpg\" alt=\"\" class=\"wp-image-4022\"\/><\/a><\/figure>\n\n\n<div class=\"gb-container gb-container-671de398\"><div class=\"gb-inside-container\">\n\n<p class=\"gb-headline gb-headline-99909c00 gb-headline-text\"><a href=\"\/en\/produktkategori\/the-sea-cabins\/\">THE CABINS<\/a><\/p>\n\n\n\n<p class=\"gb-headline gb-headline-3f8d8455 gb-headline-text\">Total of 32 beds | Kitchen and bathroom in all cabins | Sauna | Barbecue area outside | TV og Wifi | Self-catering | Breakfast and hot dishes can be ordered<\/p>\n\n<\/div><\/div>\n<\/div><\/div><\/div>\n\n<div class=\"gb-grid-column gb-grid-column-236bd31e\"><div class=\"gb-container gb-container-236bd31e container-shadow\"><div class=\"gb-inside-container\">\n\n<figure class=\"wp-block-image size-large\"><a href=\"\/en\/ressurser\/sauna\/\"><img decoding=\"async\" src=\"https:\/\/gjestestua.no\/wp-content\/uploads\/2021\/03\/20210205-20210205_JRO0766\u00a9Jan-R-Olsen-Foto-1-1024x682.jpg\" alt=\"\" class=\"wp-image-4108\"\/><\/a><\/figure>\n\n\n<div class=\"gb-container gb-container-a986d2f9\"><div class=\"gb-inside-container\">\n\n<p class=\"gb-headline gb-headline-9fca6741 gb-headline-text\"><a href=\"\/en\/ressurser\/sauna\/\" data-type=\"page\">SAUNA<\/a><\/p>\n\n\n\n<p class=\"gb-headline gb-headline-bfb4a07d gb-headline-text\">Wardrobe and shower | Opening hours 06.00-23.00 | Maximum eight people | Minimum 2 hours | Book an appointment on the website<\/p>\n\n<\/div><\/div>\n<\/div><\/div><\/div>\n\n<div class=\"gb-grid-column gb-grid-column-9d7e7550\"><div class=\"gb-container gb-container-9d7e7550 container-shadow\"><div class=\"gb-inside-container\">\n\n<figure class=\"wp-block-image size-large\"><a href=\"\/en\/adventures-throughout-the-year\/\"><img decoding=\"async\" src=\"https:\/\/gjestestua.no\/wp-content\/uploads\/2020\/10\/telt.jpg\" alt=\"\" class=\"wp-image-3218\"\/><\/a><\/figure>\n\n\n<div class=\"gb-container gb-container-27c33ac9\"><div class=\"gb-inside-container\">\n\n<p class=\"gb-headline gb-headline-8268b8c1 gb-headline-text\"><a href=\"\/en\/adventures-throughout-the-year\/\">ACTIVITIES<\/a><\/p>\n\n\n\n<p class=\"gb-headline gb-headline-34768482 gb-headline-text\">Tailored nature experiences | Hiking | Ski trips | Northern Lights Safari | Fotosafari | Glacier hiking | Art and culture | Themes | Accommodation in lavvu | Certified guide<\/p>\n\n<\/div><\/div>\n<\/div><\/div><\/div>\n<\/div>\n<\/div><\/div>\n\n<div class=\"gb-container gb-container-414559a6\"><div class=\"gb-inside-container\">\n\n<h2 class=\"gb-headline gb-headline-8e72cfc9 gb-headline-text\">MAGNIFICENT NATURE EXPERIENCES ALL YEAR ROUND<\/h2>\n\n\n\n<p class=\"gb-headline gb-headline-f72bf7b4 gb-headline-text\">Happy guests since 1994<\/p>\n\n\n\n<hr class=\"wp-block-separator has-text-color has-background is-style-wide\" style=\"background-color:#b29210;color:#b29210\"\/>\n\n\n<div class=\"gb-grid-wrapper gb-grid-wrapper-54823cc4\">\n<div class=\"gb-grid-column gb-grid-column-c8f512ce\"><div class=\"gb-container gb-container-c8f512ce\"><div class=\"gb-inside-container\">\n\n<figure class=\"wp-block-embed is-type-video is-provider-youtube wp-block-embed-youtube wp-embed-aspect-16-9 wp-has-aspect-ratio\"><div class=\"wp-block-embed__wrapper\">\n<iframe title=\"Manndalen Sj\u00f8buer Aurora\" width=\"1200\" height=\"675\" src=\"https:\/\/www.youtube.com\/embed\/J1aMOqhp_OY?feature=oembed\" frameborder=\"0\" allow=\"accelerometer; autoplay; clipboard-write; encrypted-media; gyroscope; picture-in-picture\" allowfullscreen><\/iframe>\n<\/div><\/figure>\n\n\n\n<p><\/p>\n\n\n\n<figure class=\"wp-block-image size-large\"><a href=\"https:\/\/www.visit-lyngenfjord.com\/no\" target=\"_blank\" rel=\"noopener\"><img decoding=\"async\" src=\"https:\/\/gjestestua.no\/wp-content\/uploads\/2021\/03\/VisitLyngenFjord_eng.png\" alt=\"\" class=\"wp-image-4062\"\/><\/a><\/figure>\n\n<\/div><\/div><\/div>\n\n<div class=\"gb-grid-column gb-grid-column-8d9c240c\"><div class=\"gb-container gb-container-8d9c240c\"><div class=\"gb-inside-container\">\n\n<p class=\"gb-headline gb-headline-75c8ac5d gb-headline-text\">Manndalen Sj\u00f8buer is located in beautiful surroundings in Manndalen in K\u00e5fjord municipality, 160 km from Troms\u00f8 city. We arrange transfers for all our guests to \/ from Troms\u00f8 Airport.<br><br>We offer guided tours suitable for everyone both summer and winter. After the trip you can relax in our new spa &#8211; sauna and jacuzzi.<br><br>Join in exciting activities. Our experienced guides safely guide you through nature experiences you will hardly forget in the first place.<\/p>\n\n\n\n<p><\/p>\n\n\n\n<p><\/p>\n\n\n\n<p><strong>Collaborating partner<\/strong><\/p>\n\n\n\n<p>VisitLyngenfjord is our partner for experiences in the Lyngenfjord.<\/p>\n\n<\/div><\/div><\/div>\n<\/div>\n<\/div><\/div>\n\n<div class=\"gb-container gb-container-1015e26f\"><div class=\"gb-inside-container\">\n\n<h2 class=\"gb-headline gb-headline-9a25bcfb gb-headline-text\">OUR GUEST SAYS<\/h2>\n\n\n\n<hr class=\"wp-block-separator has-text-color has-background is-style-wide\" style=\"background-color:#b29210;color:#b29210\"\/>\n\n\n<div class=\"gb-grid-wrapper gb-grid-wrapper-d018ad77\">\n<div class=\"gb-grid-column gb-grid-column-144b6db4\"><div class=\"gb-container gb-container-144b6db4\"><div class=\"gb-inside-container\">\n\n<p class=\"gb-headline gb-headline-a22610be gb-headline-text\"><em>Cottages and terrace on the sea next to fishing boats. Quiet, just birds. Two shops within walking distance. Fantastic views to the sea and mountains, and only a hundred kilometers from Kilpisj\u00e4rvi. And most importantly: sauna at the cottage. Definitely recommended!<\/em><\/p>\n\n\n\n<p class=\"gb-headline gb-headline-18043f61 gb-headline-text\"><em>\u2014 <\/em>Anneli, Finland<\/p>\n\n<\/div><\/div><\/div>\n\n<div class=\"gb-grid-column gb-grid-column-d1db07a0\"><div class=\"gb-container gb-container-d1db07a0\"><div class=\"gb-inside-container\">\n\n<p class=\"gb-headline gb-headline-f27fcfec gb-headline-text\"><em>We had booked a cabin with a sauna inside the cabin. Great experience. Very nice view of the harbor. Opportunity to walk around the place and see fishermen cut up freshly caught fish<br><\/em><\/p>\n\n\n\n<p class=\"gb-headline gb-headline-3d8b7479 gb-headline-text\"><em>\u2014 <\/em>Am\u00e9lie, France<\/p>\n\n<\/div><\/div><\/div>\n\n<div class=\"gb-grid-column gb-grid-column-127a60ff\"><div class=\"gb-container gb-container-127a60ff\"><div class=\"gb-inside-container\">\n\n<p class=\"gb-headline gb-headline-3acc265a gb-headline-text\"><em>As good as new &#8211; shiny I would say. Cozy cottage with sea views and terrace. Parking space 10 meters from the cottage. Very good wifi. A place where I could easily stay a week.<\/em><br><\/p>\n\n\n\n<p class=\"gb-headline gb-headline-f4c9ec25 gb-headline-text\"><em>\u2014 <\/em>Mika, Finland<\/p>\n\n<\/div><\/div><\/div>\n\n<div class=\"gb-grid-column gb-grid-column-ed8d624c\"><div class=\"gb-container gb-container-ed8d624c\"><div class=\"gb-inside-container\">\n\n<p class=\"gb-headline gb-headline-e05ccd9b gb-headline-text\"><em>We went there over New Year&#8217;s Eve to see the northern lights. Perfect place to drive to the border triangle, where we actually succeeded. The host was super nice, everything went very well, just great. Nice and uncomplicated. The accommodation was exactly as we expected, so we are completely satisfied. W<\/em>e<em> we will be happy to return!<\/em><\/p>\n\n\n\n<p class=\"gb-headline gb-headline-acb96fde gb-headline-text\"><em>\u2014 <\/em>Jochen, Germany<\/p>\n\n<\/div><\/div><\/div>\n\n<div class=\"gb-grid-column gb-grid-column-4acabfc2\"><div class=\"gb-container gb-container-4acabfc2\"><div class=\"gb-inside-container\">\n\n<p class=\"gb-headline gb-headline-8bebb12a gb-headline-text\"><em>The cottage is fantastic with great views from the windows &#8211; sauna in the cottage! Great!<\/em><br><br><\/p>\n\n\n\n<p class=\"gb-headline gb-headline-a71e800e gb-headline-text\"><em>\u2014 <\/em>Wiktor, Poland<\/p>\n\n<\/div><\/div><\/div>\n\n<div class=\"gb-grid-column gb-grid-column-e062a2c3\"><div class=\"gb-container gb-container-e062a2c3\"><div class=\"gb-inside-container\">\n\n<p class=\"gb-headline gb-headline-c8828a5e gb-headline-text\"><em>Everything is nice and clean, here you will find everything you need for a good rest<br><br><\/em><\/p>\n\n\n\n<p class=\"gb-headline gb-headline-71cef880 gb-headline-text\"><em>\u2014 <\/em>Victoria, Russia<\/p>\n\n<\/div><\/div><\/div>\n\n<div class=\"gb-grid-column gb-grid-column-79207cff\"><div class=\"gb-container gb-container-79207cff\"><div class=\"gb-inside-container\">\n\n<p class=\"gb-headline gb-headline-e745bc08 gb-headline-text\"><em>We liked the location of the cabins, right on target. We liked how cozy the cabin was and the bedroom upstairs was perfect for the three kids. Parking was great, we could literally park outside the front door, which made everything very convenient. And there are two local shops just a 2-minute drive from the cottage, so it was easy to go to the shops if we needed anything.<br><br>There were 5 of us living here, 2 adults and 3 children aged 9-13. The owner took us out on a free snowmobile ride, and let us use his sledges and the back garden to sled while he was out during the day &#8211; and the kids loved it.<br><br>We could call or email the owner when we needed something and he would help right away.<br><br>We stayed 4 nights and 3 of them snowed heavily, which was great because then the kids could sled. The last night we saw the northern lights like never before, and I have been 4 times before on the northern lights hunt! It was clear skies and so many places to drive to with the rental car. The northern lights continued for 2 1\/2 hours. Thank you for our stay and for taking care of us.<br><\/em><\/p>\n\n\n\n<p class=\"gb-headline gb-headline-59dc2110 gb-headline-text\"><em>\u2014 <\/em>John and family, UK<\/p>\n\n<\/div><\/div><\/div>\n\n<div class=\"gb-grid-column gb-grid-column-a2d0b458\"><div class=\"gb-container gb-container-a2d0b458\"><div class=\"gb-inside-container\">\n\n<p><em>Beautiful location and the cabins are nice and compact!<\/em><\/p>\n\n\n\n<p class=\"gb-headline gb-headline-ea18f994 gb-headline-text\"><em>\u2014 <\/em>Saara, Netherlands<br><br><em>Very cozy cottage. Spacious living room. Good sofa. Nice loft<\/em>.<br><br><em>\u2014<\/em> J\u00f8rn, Norway<br><br><em>Fantastic. Incredibly nice cabins!<\/em><br><br><em>\u2014<\/em> Silje, Norway<\/p>\n\n<\/div><\/div><\/div>\n<\/div>\n<\/div><\/div>\n\n\n<p><\/p>","protected":false},"excerpt":{"rendered":"<p>Welcome to Manndalen Sj\u00f8buer in Gaivuotna\/K\u00e5fjord, Norway. CAFE &#8211; ACCOMODATION &#8211; BOAT RENTAL &#8211; GUIDE MAGNIFICENT NATURE EXPERIENCES ALL YEAR ROUND Happy guests since 1994 OUR GUEST SAYS<\/p>","protected":false},"author":1,"featured_media":0,"parent":0,"menu_order":0,"comment_status":"closed","ping_status":"closed","template":"","meta":{"footnotes":""},"class_list":["post-3214","page","type-page","status-publish"],"_links":{"self":[{"href":"https:\/\/gjestestua.no\/en\/wp-json\/wp\/v2\/pages\/3214","targetHints":{"allow":["GET"]}}],"collection":[{"href":"https:\/\/gjestestua.no\/en\/wp-json\/wp\/v2\/pages"}],"about":[{"href":"https:\/\/gjestestua.no\/en\/wp-json\/wp\/v2\/types\/page"}],"author":[{"embeddable":true,"href":"https:\/\/gjestestua.no\/en\/wp-json\/wp\/v2\/users\/1"}],"replies":[{"embeddable":true,"href":"https:\/\/gjestestua.no\/en\/wp-json\/wp\/v2\/comments?post=3214"}],"version-history":[{"count":29,"href":"https:\/\/gjestestua.no\/en\/wp-json\/wp\/v2\/pages\/3214\/revisions"}],"predecessor-version":[{"id":4117,"href":"https:\/\/gjestestua.no\/en\/wp-json\/wp\/v2\/pages\/3214\/revisions\/4117"}],"wp:attachment":[{"href":"https:\/\/gjestestua.no\/en\/wp-json\/wp\/v2\/media?parent=3214"}],"curies":[{"name":"wp","href":"https:\/\/api.w.org\/{rel}","templated":true}]}}