{"id":3,"date":"2020-06-21T21:00:44","date_gmt":"2020-06-21T21:00:44","guid":{"rendered":"https:\/\/nordtro.nettverkstedet.com\/?page_id=3"},"modified":"2021-06-29T14:23:07","modified_gmt":"2021-06-29T14:23:07","slug":"personvern","status":"publish","type":"page","link":"https:\/\/gjestestua.no\/en\/personvern\/","title":{"rendered":"Regler for personvern"},"content":{"rendered":"<h2 class=\"wp-block-heading\">Hvem vi er<\/h2>\n\n\n\n<p>S\u00f8r\u00f8ya Gjesteg\u00e5rd<br>V\u00e5r nettstedsadresse er: https:\/\/gjestestua.no<\/p>\n\n\n\n<h2 class=\"wp-block-heading\">Hvilke personopplysninger vi samler inn og hvorfor vi samler de inn<\/h2>\n\n\n\n<h3 class=\"wp-block-heading\">Kommentarer<\/h3>\n\n\n\n<p>N\u00e5r en bes\u00f8kende legger igjen en kommentar, lagres alle data som sendes inn via kommentarfelt-skjemaet. Informasjon om den bes\u00f8kendes IP-adresse og nettleser innhentes ogs\u00e5, som et tiltak for \u00e5 begrense spam\/s\u00f8ppelpost.<\/p>\n\n\n\n<p>En anonymisert tekststreng genereres fra din epostadresse for \u00e5 indentifisere deg (ogs\u00e5 kalt en hash) og kan sendes til Gravatar for \u00e5 sjekke om du har en konto der. Personvernserkl\u00e6ring for Gravatar kan du lese her :&nbsp;https:\/\/automattic.com\/privacy\/<\/p>\n\n\n\n<p>N\u00e5r en kommentar godkjennes vil ditt profilbilde vises sammen med din kommentar.<\/p>\n\n\n\n<h3 class=\"wp-block-heading\">Media<\/h3>\n\n\n\n<p>Hvis du laster opp et bilde til nettstedet, s\u00e5 unng\u00e5 bilder som inneholder informasjon om stedet det er tatt (EXIF GPS). Slike bilder kan lastes ned og stedsdata kan hentes ut av bildet.<\/p>\n\n\n\n<h3 class=\"wp-block-heading\">Kontaktskjemaer<\/h3>\n\n\n\n<p>V\u00e5re kontaktskjemaer er der for at de bes\u00f8kende kan sende oss sp\u00f8rsm\u00e5l eller kommentarer, eller melde sin interesse for v\u00e5re produkter og tjenester. Dersom du benytter et av disse skjemaene, vil vi motta informasjonen som sendes som epost. En kopi av din melding vil lagres i v\u00e5re systemer i en begrenset periode for v\u00e5r referanse og sikkerhetskontroll.<\/p>\n\n\n\n<h3 class=\"wp-block-heading\">Informasjonskapsler<\/h3>\n\n\n\n<p>Hvis du legger inn en kommentar p\u00e5 nettstedet v\u00e5rt, kan du velge \u00e5 lagre navn, e-postadresse og nettside i informasjonskapsler (cookies). Dette er for enkelhets skyld, slik at du ikke trenger \u00e5 fylle ut dine opplysninger igjen n\u00e5r du legger igjen en kommentar. Disse informasjonskapslene varer i ett \u00e5r.<\/p>\n\n\n\n<p>Hvis du har en konto og du logger deg p\u00e5 dette nettstedet, vil det opprettes en midlertidig informasjonskapsel for \u00e5 avgj\u00f8re om nettleseren din godtar informasjonskapsler eller ikke. Denne informasjonskapselen inneholder ingen personlige data og blir kassert n\u00e5r du lukker nettleseren din.<\/p>\n\n\n\n<h3 class=\"wp-block-heading\">Innebygd innhold fra andre nettsteder<\/h3>\n\n\n\n<p>Artikler p\u00e5 dette nettstedet kan inneholde innebygd innhold (for eksempel videoer, bilder, artikler, etc.). Innebygd innhold fra andre nettsteder oppf\u00f8rer seg p\u00e5 samme m\u00e5te som om den bes\u00f8kende har bes\u00f8kt det andre nettstedet.<\/p>\n\n\n\n<p>Disse nettstedene kan samle inn data om deg, bruke informasjonskapsler, legge inn ekstra sporing fra tredjeparter og overv\u00e5ke samspillet ditt med det innebygde innholdet, inkludert sporing av samspillet ditt med det innebygde innholdet, hvis du har en konto og er logget p\u00e5 nettsiden til den tredje part.<\/p>\n\n\n\n<p>Gjennom tilleggsfunksjoner i WordPress kan andre data samles inn. De viktigste her er det EU-baserte Advanced Ads, Google AdSense og Google Analytics.<\/p>\n\n\n\n<p>Vi er per i dag tilknyttet:<\/p>\n\n\n\n<ul class=\"wp-block-list\"><li>Google Analytics\u00a0(<a rel=\"noreferrer noopener\" href=\"https:\/\/www.google.com\/analytics\/terms\/us.html\" target=\"_blank\">Google Analytics personvernerkl\u00e6ring<\/a>)<\/li><li>Facebook<\/li><\/ul>\n\n\n\n<h3 class=\"wp-block-heading\">Analyse<\/h3>\n\n\n\n<h2 class=\"wp-block-heading\">Hvem vi deler dine opplysninger med<\/h2>\n\n\n\n<p>Med mindre det er s\u00e6rskilt avtalt med brukeren, vil vi ikke dele dine registrerte opplysninger med noen tredjepart, og de er kun tilgjengelig for brukere med autorisasjon som administrator for nettstedet.<\/p>\n\n\n\n<p>V\u00e5re sider er krypterte. Kryptering er en matematisk metode som s\u00f8rger for konfidensialitet ved at informasjon mellom deg og nettstedet ikke kan leses av uvedkommende.<\/p>\n\n\n\n<p>Bes\u00f8kendes kommentarer kan bli kontrollert gjennom en automatisk gjenkjennelsestjeneste mot s\u00f8ppelkommentarer.<\/p>\n\n\n\n<h2 class=\"wp-block-heading\">Hvor lenge vi oppbevarer opplysninger om deg<\/h2>\n\n\n\n<p>Hvis du legger igjen en kommentar, blir kommentaren og dens metadata beholdt p\u00e5 ubestemt tid. Dette er slik at vi kan gjenkjenne og godkjenne eventuelle oppf\u00f8lgingskommentarer automatisk i stedet for \u00e5 holde dem i en moderatork\u00f8.<\/p>\n\n\n\n<p>For brukere som registrerer seg p\u00e5 v\u00e5r nettside, lagrer vi ogs\u00e5 den personlige informasjonen som oppgis i brukerprofilen. Alle brukere kan se, redigere eller slette deres personlige opplysninger n\u00e5r som helst (bortsett fra at de ikke kan endre brukernavnet sitt). Nettstedadministratorer kan ogs\u00e5 se og redigere denne informasjonen.<\/p>\n\n\n\n<p>Hvis du har handlet i nettbutikken hos oss tidligere, kan du be om \u00e5 f\u00e5&nbsp;detaljer for \u00e5 logge inn&nbsp;sendt til din registrerte epost-adresse.<\/p>\n\n\n\n<h2 class=\"wp-block-heading\">Rettighetene dine n\u00e5r det gjelder opplysninger vi har om deg<\/h2>\n\n\n\n<p>Hvis du har en konto p\u00e5 dette nettstedet, eller har lagt igjen en kommentarer, kan du be om \u00e5 motta en eksportert fil av personopplysningene vi har lagret om deg, inkludert data du har oppgitt til oss. Du kan ogs\u00e5 be om at vi sletter personlige opplysninger vi har lagret om deg.<\/p>\n\n\n\n<p>Dette inkluderer ikke data vi er forpliktet til \u00e5 beholde for administrative, juridiske eller sikkerhetsmessige form\u00e5l.<\/p>\n\n\n\n<h2 class=\"wp-block-heading\">V\u00e5r kontaktinformasjon<\/h2>\n\n\n\n<figure class=\"wp-block-table\"><table><tbody><tr><td>Adresse<\/td><td><strong>S\u00f8r\u00f8ya Gjestestue<\/strong><br>Fiskenes<br>9664 SAND\u00d8YBOTN<\/td><\/tr><tr><td>Email<\/td><td><a href=\"mailto:emroee@online.no\">Send epost<\/a><\/td><\/tr><\/tbody><\/table><\/figure>\n\n\n\n<h2 class=\"wp-block-heading\">Tilleggsinformasjon<\/h2>\n\n\n\n<h3 class=\"wp-block-heading\">Hvordan vi beskytter dine personopplysninger<\/h3>\n\n\n\n<p>Vi benytter oss av kvalitetssikrede partnere for betaling og databehandling, og har tillit til at v\u00e5re partnere sikrer data p\u00e5 en forskriftsmessig m\u00e5te. Dine innsendte opplysninger vil ikke bli offentliggjort noe sted, og kun tilgjengelig for akt\u00f8rer tilknyttet drift av v\u00e5re hjemmesider og interne systemer. Vi sikrer dine personopplysninger ved b\u00e5de fysisk og virtuell adgangs- og tilgangskontroll, samt ved kryptering av sensitive deler av avgitte opplysninger.<\/p>\n\n\n\n<h3 class=\"wp-block-heading\">V\u00e5re rutiner for datalekkasjer<\/h3>\n\n\n\n<p>Eventuelle datalekkasjer vil umiddelbart bli rapportert og h\u00e5ndtert av v\u00e5re tjenesteleverand\u00f8rer.<\/p>\n\n\n\n<h3 class=\"wp-block-heading\">Hvilke tredjeparter vi mottar opplysninger fra<\/h3>\n\n\n\n<p>Ingen<\/p>\n\n\n\n<h3 class=\"wp-block-heading\">Hvilke automatiske avgj\u00f8relser som tas og\/eller hva slags profiler som bygges p\u00e5 grunnlag av brukernes opplysninger.<\/h3>\n\n\n\n<p>Ingen<\/p>\n\n\n\n<h3 class=\"wp-block-heading\">Opplysningskrav fra bransjelovgivning<\/h3>\n\n\n\n<p>Ingen kjente<\/p>","protected":false},"excerpt":{"rendered":"<p>Hvem vi er S\u00f8r\u00f8ya Gjesteg\u00e5rdV\u00e5r nettstedsadresse er: https:\/\/gjestestua.no Hvilke personopplysninger vi samler inn og hvorfor vi samler de inn Kommentarer N\u00e5r en bes\u00f8kende legger igjen en kommentar, lagres alle data som sendes inn via kommentarfelt-skjemaet. Informasjon om den bes\u00f8kendes IP-adresse og nettleser innhentes ogs\u00e5, som et tiltak for \u00e5 begrense spam\/s\u00f8ppelpost. En anonymisert tekststreng genereres &#8230; <a title=\"Regler for personvern\" class=\"read-more\" href=\"https:\/\/gjestestua.no\/en\/personvern\/\" aria-label=\"Read more about Regler for personvern\">Read more<\/a><\/p>","protected":false},"author":1,"featured_media":0,"parent":0,"menu_order":0,"comment_status":"closed","ping_status":"closed","template":"","meta":{"footnotes":""},"class_list":["post-3","page","type-page","status-publish"],"_links":{"self":[{"href":"https:\/\/gjestestua.no\/en\/wp-json\/wp\/v2\/pages\/3","targetHints":{"allow":["GET"]}}],"collection":[{"href":"https:\/\/gjestestua.no\/en\/wp-json\/wp\/v2\/pages"}],"about":[{"href":"https:\/\/gjestestua.no\/en\/wp-json\/wp\/v2\/types\/page"}],"author":[{"embeddable":true,"href":"https:\/\/gjestestua.no\/en\/wp-json\/wp\/v2\/users\/1"}],"replies":[{"embeddable":true,"href":"https:\/\/gjestestua.no\/en\/wp-json\/wp\/v2\/comments?post=3"}],"version-history":[{"count":2,"href":"https:\/\/gjestestua.no\/en\/wp-json\/wp\/v2\/pages\/3\/revisions"}],"predecessor-version":[{"id":4548,"href":"https:\/\/gjestestua.no\/en\/wp-json\/wp\/v2\/pages\/3\/revisions\/4548"}],"wp:attachment":[{"href":"https:\/\/gjestestua.no\/en\/wp-json\/wp\/v2\/media?parent=3"}],"curies":[{"name":"wp","href":"https:\/\/api.w.org\/{rel}","templated":true}]}}